{"id":1921,"date":"2023-12-30T02:05:38","date_gmt":"2023-12-30T05:05:38","guid":{"rendered":"https:\/\/aluguefesta.net.br\/?post_type=product&#038;p=1921"},"modified":"2026-02-11T13:54:27","modified_gmt":"2026-02-11T16:54:27","slug":"taca-champanhe-180-ml-estampa","status":"publish","type":"product","link":"https:\/\/aluguefesta.net.br\/index.php\/produto\/taca-champanhe-180-ml-estampa\/","title":{"rendered":"Ta\u00e7a Champanhe Espumante Prosecco Frisante 180 ml ESTAMPA"},"content":{"rendered":"","protected":false},"excerpt":{"rendered":"<p>Esta ta\u00e7a \u00e9 ideal para saborear um bom champagne com bom gosto e qualidade. \u00c9 fabricada com vidro de alta qualidade, que oferece maior durabilidade e resist\u00eancia. Bel\u00edssimo jogo de ta\u00e7as para voc\u00ea servir um bom pr\u00f3-seco e brindar com requinte e eleg\u00e2ncia.<\/p>\n<p><strong>Capacidade:\u00a0<\/strong>180ml<\/p>\n<p><strong>Medidas:<\/strong>\u00a0\u00d86,2\u00d718,5cm<\/p>\n<p><strong>Material:<\/strong>\u00a0vidro<\/p>\n","protected":false},"featured_media":1922,"template":"","meta":[],"_links":{"self":[{"href":"https:\/\/aluguefesta.net.br\/index.php\/wp-json\/wp\/v2\/product\/1921"}],"collection":[{"href":"https:\/\/aluguefesta.net.br\/index.php\/wp-json\/wp\/v2\/product"}],"about":[{"href":"https:\/\/aluguefesta.net.br\/index.php\/wp-json\/wp\/v2\/types\/product"}],"wp:featuredmedia":[{"embeddable":true,"href":"https:\/\/aluguefesta.net.br\/index.php\/wp-json\/wp\/v2\/media\/1922"}],"wp:attachment":[{"href":"https:\/\/aluguefesta.net.br\/index.php\/wp-json\/wp\/v2\/media?parent=1921"}],"curies":[{"name":"wp","href":"https:\/\/api.w.org\/{rel}","templated":true}]}}