{"id":1980,"date":"2024-03-15T12:42:14","date_gmt":"2024-03-15T15:42:14","guid":{"rendered":"https:\/\/aluguefesta.net.br\/?post_type=product&#038;p=1980"},"modified":"2026-01-14T14:08:41","modified_gmt":"2026-01-14T17:08:41","slug":"mini-bowl-de-inox-p-salgadinhos","status":"publish","type":"product","link":"https:\/\/aluguefesta.net.br\/index.php\/produto\/mini-bowl-de-inox-p-salgadinhos\/","title":{"rendered":"Mini Bowl de Inox p\/ salgadinhos"},"content":{"rendered":"<h2>Em A\u00e7o Inox 13cm<\/h2>\n<p>O Casar\u00e3o Digital tem grandes op\u00e7\u00f5es de produtos para voc\u00ea, trabalhamos com e-commerce com a miss\u00e3o de fazer sua vida mais c\u00f4moda e f\u00e1cil, nossos produtos s\u00e3o variados e de qualidade.<\/p>\n<p>A Tigela Redonda Cumbuca Em A\u00e7o Inox 13cm \u00e9 uma tigela feita de a\u00e7o inoxid\u00e1vel com um di\u00e2metro de 13cm. Ela \u00e9 ideal para servir por\u00e7\u00f5es .<\/p>\n","protected":false},"excerpt":{"rendered":"<p>Lindo Bowl de inox com suporte e Fundo Redondo<\/p>\n<p>Ideal para deixar \u00e0 mesa Americana<\/p>\n<p>Tam 28 Cm &#8211; Profundidade 14cm<\/p>\n","protected":false},"featured_media":1981,"template":"","meta":[],"_links":{"self":[{"href":"https:\/\/aluguefesta.net.br\/index.php\/wp-json\/wp\/v2\/product\/1980"}],"collection":[{"href":"https:\/\/aluguefesta.net.br\/index.php\/wp-json\/wp\/v2\/product"}],"about":[{"href":"https:\/\/aluguefesta.net.br\/index.php\/wp-json\/wp\/v2\/types\/product"}],"wp:featuredmedia":[{"embeddable":true,"href":"https:\/\/aluguefesta.net.br\/index.php\/wp-json\/wp\/v2\/media\/1981"}],"wp:attachment":[{"href":"https:\/\/aluguefesta.net.br\/index.php\/wp-json\/wp\/v2\/media?parent=1980"}],"curies":[{"name":"wp","href":"https:\/\/api.w.org\/{rel}","templated":true}]}}