{"id":1988,"date":"2024-03-16T15:10:22","date_gmt":"2024-03-16T18:10:22","guid":{"rendered":"https:\/\/aluguefesta.net.br\/?post_type=product&#038;p=1988"},"modified":"2026-01-06T02:15:28","modified_gmt":"2026-01-06T05:15:28","slug":"kit-3-pecas-luxo-prato-de-mesa-opaline-faca-de-mesa-garfo-de-mesa","status":"publish","type":"product","link":"https:\/\/aluguefesta.net.br\/index.php\/produto\/kit-3-pecas-luxo-prato-de-mesa-opaline-faca-de-mesa-garfo-de-mesa\/","title":{"rendered":"KIT 3 PE\u00c7AS LUXO : Prato de mesa Opaline + Faca de mesa + Garfo de mesa"},"content":{"rendered":"<p>KIT 03 PE\u00c7AS REFEI\u00c7\u00c3O<\/p>\n<p>Prato Raso de mesa Opalino<\/p>\n<p>Garfo de mesa Inox<\/p>\n<p>Faca de mesa Inox<\/p>\n<p>Ideal para :\u00a0 : almo\u00e7o\/jantar\/churrasco<\/p>\n","protected":false},"excerpt":{"rendered":"<p>KIT 03 PE\u00c7AS REFEI\u00c7\u00c3O<\/p>\n<p>Prato Raso de mesa Opalino<\/p>\n<p>Garfo de mesa Inox<\/p>\n<p>Faca de mesa Inox<\/p>\n<p>Ideal para :\u00a0 : almo\u00e7o\/jantar\/churrasco<\/p>\n","protected":false},"featured_media":1991,"template":"","meta":[],"_links":{"self":[{"href":"https:\/\/aluguefesta.net.br\/index.php\/wp-json\/wp\/v2\/product\/1988"}],"collection":[{"href":"https:\/\/aluguefesta.net.br\/index.php\/wp-json\/wp\/v2\/product"}],"about":[{"href":"https:\/\/aluguefesta.net.br\/index.php\/wp-json\/wp\/v2\/types\/product"}],"wp:featuredmedia":[{"embeddable":true,"href":"https:\/\/aluguefesta.net.br\/index.php\/wp-json\/wp\/v2\/media\/1991"}],"wp:attachment":[{"href":"https:\/\/aluguefesta.net.br\/index.php\/wp-json\/wp\/v2\/media?parent=1988"}],"curies":[{"name":"wp","href":"https:\/\/api.w.org\/{rel}","templated":true}]}}