{"id":1996,"date":"2024-03-19T13:14:20","date_gmt":"2024-03-19T16:14:20","guid":{"rendered":"https:\/\/aluguefesta.net.br\/?post_type=product&#038;p=1996"},"modified":"2024-05-14T21:43:08","modified_gmt":"2024-05-15T00:43:08","slug":"mixer-facile-simples-lenoxx-110v","status":"publish","type":"product","link":"https:\/\/aluguefesta.net.br\/index.php\/produto\/mixer-facile-simples-lenoxx-110v\/","title":{"rendered":"MIXER FACILE SIMPLES- LENOXX 110V"},"content":{"rendered":"<p>110v<\/p>\n<p>200w<\/p>\n<ul class=\"a-unordered-list a-vertical a-spacing-mini\">\n<li class=\"a-spacing-mini\"><span class=\"a-list-item\">Mixer Facile<\/span><\/li>\n<li class=\"a-spacing-mini\"><span class=\"a-list-item\">Tem 200w de pot\u00eancia, que garante um resultado perfeito.<\/span><\/li>\n<li class=\"a-spacing-mini\"><span class=\"a-list-item\">Com l\u00e2minas em inox, garante maior seguran\u00e7a e alta performance.<\/span><\/li>\n<li class=\"a-spacing-mini\"><span class=\"a-list-item\">Compacto e desmont\u00e1vel para lavar e guardar. Suas pe\u00e7as remov\u00edveis s\u00e3o de f\u00e1cil limpeza, podendo ser lavadas diretamente na torneira.<\/span><\/li>\n<li class=\"a-spacing-mini\"><span class=\"a-list-item\">Prepara sucos e vitaminas deliciosas, pat\u00eas e molhos concentrados em poucos minutos.<\/span><\/li>\n<\/ul>\n","protected":false},"excerpt":{"rendered":"<ul class=\"a-unordered-list a-vertical a-spacing-mini\">\n<li class=\"a-spacing-mini\"><span class=\"a-list-item\">Mixer Facile<\/span><\/li>\n<li class=\"a-spacing-mini\"><span class=\"a-list-item\">Tem 200w de pot\u00eancia, que garante um resultado perfeito.<\/span><\/li>\n<li class=\"a-spacing-mini\"><span class=\"a-list-item\">Com l\u00e2minas em inox, garante maior seguran\u00e7a e alta performance.<\/span><\/li>\n<li class=\"a-spacing-mini\"><span class=\"a-list-item\">Compacto e desmont\u00e1vel para lavar e guardar. Suas pe\u00e7as remov\u00edveis s\u00e3o de f\u00e1cil limpeza, podendo ser lavadas diretamente na torneira.<\/span><\/li>\n<li class=\"a-spacing-mini\"><span class=\"a-list-item\">Prepara sucos e vitaminas deliciosas, pat\u00eas e molhos concentrados em poucos minutos.<\/span><\/li>\n<\/ul>\n","protected":false},"featured_media":1998,"template":"","meta":[],"_links":{"self":[{"href":"https:\/\/aluguefesta.net.br\/index.php\/wp-json\/wp\/v2\/product\/1996"}],"collection":[{"href":"https:\/\/aluguefesta.net.br\/index.php\/wp-json\/wp\/v2\/product"}],"about":[{"href":"https:\/\/aluguefesta.net.br\/index.php\/wp-json\/wp\/v2\/types\/product"}],"wp:featuredmedia":[{"embeddable":true,"href":"https:\/\/aluguefesta.net.br\/index.php\/wp-json\/wp\/v2\/media\/1998"}],"wp:attachment":[{"href":"https:\/\/aluguefesta.net.br\/index.php\/wp-json\/wp\/v2\/media?parent=1996"}],"curies":[{"name":"wp","href":"https:\/\/api.w.org\/{rel}","templated":true}]}}