{"id":2015,"date":"2024-04-05T14:13:40","date_gmt":"2024-04-05T17:13:40","guid":{"rendered":"https:\/\/aluguefesta.net.br\/?post_type=product&#038;p=2015"},"modified":"2024-04-19T16:42:10","modified_gmt":"2024-04-19T19:42:10","slug":"arranjo-de-mesa-etnico-em-flores-e-folhagens-tropicais-naturais","status":"publish","type":"product","link":"https:\/\/aluguefesta.net.br\/index.php\/produto\/arranjo-de-mesa-etnico-em-flores-e-folhagens-tropicais-naturais\/","title":{"rendered":"Arranjo de mesa \u00e9tnico em folhagens tropicais naturais"},"content":{"rendered":"<p>ARRANJO EM flolhagens tropicais e\u00a0 NATURAIS ( Verde + 1 cor)<\/p>\n<p>COMBINA\u00c7\u00d5ES DE AT\u00c9 4 tipos de folhagens<\/p>\n<p>VALOR REFERE-SE A 1 UNIDADE ( JARROS INCLUSOS COMO LOCA\u00c7\u00c3O)<\/p>\n","protected":false},"excerpt":{"rendered":"<p>ARRANJO EM flolhagens tropicais e\u00a0 NATURAIS ( Verde + 1 cor) COMBINA\u00c7\u00d5ES DE AT\u00c9 4 tipos de folhagens VALOR REFERE-SE A 1 UNIDADE ( JARROS INCLUSOS COMO LOCA\u00c7\u00c3O)<\/p>\n","protected":false},"featured_media":2016,"template":"","meta":[],"_links":{"self":[{"href":"https:\/\/aluguefesta.net.br\/index.php\/wp-json\/wp\/v2\/product\/2015"}],"collection":[{"href":"https:\/\/aluguefesta.net.br\/index.php\/wp-json\/wp\/v2\/product"}],"about":[{"href":"https:\/\/aluguefesta.net.br\/index.php\/wp-json\/wp\/v2\/types\/product"}],"wp:featuredmedia":[{"embeddable":true,"href":"https:\/\/aluguefesta.net.br\/index.php\/wp-json\/wp\/v2\/media\/2016"}],"wp:attachment":[{"href":"https:\/\/aluguefesta.net.br\/index.php\/wp-json\/wp\/v2\/media?parent=2015"}],"curies":[{"name":"wp","href":"https:\/\/api.w.org\/{rel}","templated":true}]}}