{"id":2073,"date":"2024-05-07T12:09:09","date_gmt":"2024-05-07T15:09:09","guid":{"rendered":"https:\/\/aluguefesta.net.br\/?post_type=product&#038;p=2073"},"modified":"2024-05-07T12:10:15","modified_gmt":"2024-05-07T15:10:15","slug":"arranjo-de-mesa-em-flores-naturais-extra-grande","status":"publish","type":"product","link":"https:\/\/aluguefesta.net.br\/index.php\/produto\/arranjo-de-mesa-em-flores-naturais-extra-grande\/","title":{"rendered":"Arranjo de mesa em flores naturais Extra Grande"},"content":{"rendered":"<p>ARRANJO EM FLORES NATURAIS DO CAMPO E ESTA\u00c7\u00c3O<\/p>\n<p>CLIENTE ESCOLHE AS COMBINA\u00c7\u00d5ES DE AT\u00c9 4 CORES<\/p>\n<p>VALOR REFERE-SE A 1 UNIDADE ( JARROS N\u00c3O INCLUSOS)<\/p>\n","protected":false},"excerpt":{"rendered":"<p>ARRANJO EM FLORES NATURAIS DO CAMPO E ESTA\u00c7\u00c3O<\/p>\n<p>CLIENTE ESCOLHE AS COMBINA\u00c7\u00d5ES DE AT\u00c9 4 CORES<\/p>\n<p>VALOR REFERE-SE A 1 UNIDADE ( JARROS N\u00c3O INCLUSOS)<\/p>\n","protected":false},"featured_media":2074,"template":"","meta":[],"_links":{"self":[{"href":"https:\/\/aluguefesta.net.br\/index.php\/wp-json\/wp\/v2\/product\/2073"}],"collection":[{"href":"https:\/\/aluguefesta.net.br\/index.php\/wp-json\/wp\/v2\/product"}],"about":[{"href":"https:\/\/aluguefesta.net.br\/index.php\/wp-json\/wp\/v2\/types\/product"}],"wp:featuredmedia":[{"embeddable":true,"href":"https:\/\/aluguefesta.net.br\/index.php\/wp-json\/wp\/v2\/media\/2074"}],"wp:attachment":[{"href":"https:\/\/aluguefesta.net.br\/index.php\/wp-json\/wp\/v2\/media?parent=2073"}],"curies":[{"name":"wp","href":"https:\/\/api.w.org\/{rel}","templated":true}]}}