{"id":2128,"date":"2024-05-15T16:50:13","date_gmt":"2024-05-15T19:50:13","guid":{"rendered":"https:\/\/aluguefesta.net.br\/?post_type=product&#038;p=2128"},"modified":"2025-07-29T17:26:26","modified_gmt":"2025-07-29T20:26:26","slug":"suporte-p-10-baloes","status":"publish","type":"product","link":"https:\/\/aluguefesta.net.br\/index.php\/produto\/suporte-p-10-baloes\/","title":{"rendered":"Suporte p\/ 10 Bal\u00f5es"},"content":{"rendered":"<ul class=\"ui-vpp-highlighted-specs__features-list\">\n<li class=\"ui-vpp-highlighted-specs__features-list-item ui-pdp-color--BLACK ui-pdp-size--XSMALL ui-pdp-family--REGULAR\">Precisa incluir as ponteiras de bal\u00e3o q n\u00e3o s\u00e3o inclusas<\/li>\n<li>Suporte de ch\u00e3o haste mais alta de 1,70 m de altura com o bal\u00e3o m\u00e9dio<\/li>\n<li>possu\u00edmos 2 unidades em estoque<\/li>\n<\/ul>\n","protected":false},"excerpt":{"rendered":"<ul class=\"ui-vpp-highlighted-specs__features-list\">\n<li class=\"ui-vpp-highlighted-specs__features-list-item ui-pdp-color--BLACK ui-pdp-size--XSMALL ui-pdp-family--REGULAR\">Precisa incluir as ponteiras de bal\u00e3o q n\u00e3o s\u00e3o inclusas<\/li>\n<li>Suporte de ch\u00e3o haste mais alta de 1,70 m de altura com o bal\u00e3o m\u00e9dio<\/li>\n<\/ul>\n","protected":false},"featured_media":2129,"template":"","meta":[],"_links":{"self":[{"href":"https:\/\/aluguefesta.net.br\/index.php\/wp-json\/wp\/v2\/product\/2128"}],"collection":[{"href":"https:\/\/aluguefesta.net.br\/index.php\/wp-json\/wp\/v2\/product"}],"about":[{"href":"https:\/\/aluguefesta.net.br\/index.php\/wp-json\/wp\/v2\/types\/product"}],"wp:featuredmedia":[{"embeddable":true,"href":"https:\/\/aluguefesta.net.br\/index.php\/wp-json\/wp\/v2\/media\/2129"}],"wp:attachment":[{"href":"https:\/\/aluguefesta.net.br\/index.php\/wp-json\/wp\/v2\/media?parent=2128"}],"curies":[{"name":"wp","href":"https:\/\/api.w.org\/{rel}","templated":true}]}}