{"id":2138,"date":"2024-05-16T00:18:53","date_gmt":"2024-05-16T03:18:53","guid":{"rendered":"https:\/\/aluguefesta.net.br\/?post_type=product&#038;p=2138"},"modified":"2025-11-17T11:50:55","modified_gmt":"2025-11-17T14:50:55","slug":"fruteira-28cm-com-pe-e-alca-prata-velha-copia","status":"publish","type":"product","link":"https:\/\/aluguefesta.net.br\/index.php\/produto\/fruteira-28cm-com-pe-e-alca-prata-velha-copia\/","title":{"rendered":"Fruteira 28cm com p\u00e9 e al\u00e7a &#8211; Prata velha"},"content":{"rendered":"<p>TAMANHO APROXIMADO: 13X28 CM DE \u00d8<br \/>\nPESO APROXIMADO: 100g<\/p>\n<p>COMPOSI\u00c7\u00c3O: banho de prata envelhecido<\/p>\n","protected":false},"excerpt":{"rendered":"<p>TAMANHO APROXIMADO: 13X28 CM DE \u00d8<br \/>\nPESO APROXIMADO: 100g<\/p>\n<p>COMPOSI\u00c7\u00c3O: banho de prata envelhecido<\/p>\n","protected":false},"featured_media":1136,"template":"","meta":[],"_links":{"self":[{"href":"https:\/\/aluguefesta.net.br\/index.php\/wp-json\/wp\/v2\/product\/2138"}],"collection":[{"href":"https:\/\/aluguefesta.net.br\/index.php\/wp-json\/wp\/v2\/product"}],"about":[{"href":"https:\/\/aluguefesta.net.br\/index.php\/wp-json\/wp\/v2\/types\/product"}],"wp:featuredmedia":[{"embeddable":true,"href":"https:\/\/aluguefesta.net.br\/index.php\/wp-json\/wp\/v2\/media\/1136"}],"wp:attachment":[{"href":"https:\/\/aluguefesta.net.br\/index.php\/wp-json\/wp\/v2\/media?parent=2138"}],"curies":[{"name":"wp","href":"https:\/\/api.w.org\/{rel}","templated":true}]}}