{"id":218,"date":"2020-07-26T01:51:19","date_gmt":"2020-07-26T04:51:19","guid":{"rendered":"https:\/\/aluguefesta.net.br\/?post_type=product&#038;p=218"},"modified":"2024-12-18T00:43:10","modified_gmt":"2024-12-18T03:43:10","slug":"pombinha-porcelana","status":"publish","type":"product","link":"https:\/\/aluguefesta.net.br\/index.php\/produto\/pombinha-porcelana\/","title":{"rendered":"Pombinha porcelana"},"content":{"rendered":"<p>Pombinha porcelana pequena<\/p>\n<p>Linda pombinha de porcelana, ideal para decora\u00e7\u00e3o, mesa de bolo, mesa de bem casado e decora\u00e7\u00e3o em geral.<\/p>\n<p>&nbsp;<\/p>\n","protected":false},"excerpt":{"rendered":"<p>Pombinha porcelana pequena<\/p>\n<p>Linda pombinha de porcelana.<\/p>\n","protected":false},"featured_media":224,"template":"","meta":[],"_links":{"self":[{"href":"https:\/\/aluguefesta.net.br\/index.php\/wp-json\/wp\/v2\/product\/218"}],"collection":[{"href":"https:\/\/aluguefesta.net.br\/index.php\/wp-json\/wp\/v2\/product"}],"about":[{"href":"https:\/\/aluguefesta.net.br\/index.php\/wp-json\/wp\/v2\/types\/product"}],"wp:featuredmedia":[{"embeddable":true,"href":"https:\/\/aluguefesta.net.br\/index.php\/wp-json\/wp\/v2\/media\/224"}],"wp:attachment":[{"href":"https:\/\/aluguefesta.net.br\/index.php\/wp-json\/wp\/v2\/media?parent=218"}],"curies":[{"name":"wp","href":"https:\/\/api.w.org\/{rel}","templated":true}]}}