{"id":2210,"date":"2024-06-26T13:45:12","date_gmt":"2024-06-26T16:45:12","guid":{"rendered":"https:\/\/aluguefesta.net.br\/?post_type=product&#038;p=2210"},"modified":"2025-10-09T11:10:50","modified_gmt":"2025-10-09T14:10:50","slug":"forno-de-bancada-eletrico-220v-du-chef","status":"publish","type":"product","link":"https:\/\/aluguefesta.net.br\/index.php\/produto\/forno-de-bancada-eletrico-220v-du-chef\/","title":{"rendered":"FORNO de bancada el\u00e9trico 220v Du Chef"},"content":{"rendered":"<h2 class=\"sc-hKwDye dvgId\" data-testid=\"product-detail-label\">Informa\u00e7\u00f5es do Produto<\/h2>\n<ul class=\"ui-vpp-highlighted-specs__features-list\">\n<li class=\"ui-vpp-highlighted-specs__features-list-item ui-pdp-color--BLACK ui-pdp-size--XSMALL ui-pdp-family--REGULAR\">Capacidade de 45L.<\/li>\n<li class=\"ui-vpp-highlighted-specs__features-list-item ui-pdp-color--BLACK ui-pdp-size--XSMALL ui-pdp-family--REGULAR\">Fun\u00e7\u00f5es de cozimento: espeto, aquecer, assar, torrar, gratinar, grelhar, dourar.<\/li>\n<li class=\"ui-vpp-highlighted-specs__features-list-item ui-pdp-color--BLACK ui-pdp-size--XSMALL ui-pdp-family--REGULAR\">Temperatura m\u00ednima de 90 \u00b0C e m\u00e1xima de 330 \u00b0C.<\/li>\n<li class=\"ui-vpp-highlighted-specs__features-list-item ui-pdp-color--BLACK ui-pdp-size--XSMALL ui-pdp-family--REGULAR\">Fabricado com material f\u00e1cil de limpar.<\/li>\n<li class=\"ui-vpp-highlighted-specs__features-list-item ui-pdp-color--BLACK ui-pdp-size--XSMALL ui-pdp-family--REGULAR\">220v<\/li>\n<\/ul>\n","protected":false},"excerpt":{"rendered":"<p>Informa\u00e7\u00f5es do Produto Capacidade de 45L. Fun\u00e7\u00f5es de cozimento: espeto, aquecer, assar, torrar, gratinar, grelhar, dourar. Temperatura m\u00ednima de 90 \u00b0C e m\u00e1xima de 330 \u00b0C. Fabricado com material f\u00e1cil de limpar. 220v<\/p>\n","protected":false},"featured_media":2211,"template":"","meta":[],"_links":{"self":[{"href":"https:\/\/aluguefesta.net.br\/index.php\/wp-json\/wp\/v2\/product\/2210"}],"collection":[{"href":"https:\/\/aluguefesta.net.br\/index.php\/wp-json\/wp\/v2\/product"}],"about":[{"href":"https:\/\/aluguefesta.net.br\/index.php\/wp-json\/wp\/v2\/types\/product"}],"wp:featuredmedia":[{"embeddable":true,"href":"https:\/\/aluguefesta.net.br\/index.php\/wp-json\/wp\/v2\/media\/2211"}],"wp:attachment":[{"href":"https:\/\/aluguefesta.net.br\/index.php\/wp-json\/wp\/v2\/media?parent=2210"}],"curies":[{"name":"wp","href":"https:\/\/api.w.org\/{rel}","templated":true}]}}