{"id":2247,"date":"2024-07-13T15:31:07","date_gmt":"2024-07-13T18:31:07","guid":{"rendered":"https:\/\/aluguefesta.net.br\/?post_type=product&#038;p=2247"},"modified":"2026-01-14T14:21:16","modified_gmt":"2026-01-14T17:21:16","slug":"kit-3-pecas-simples-prato-de-mesa-faca-de-mesa-garfo-de-mesa","status":"publish","type":"product","link":"https:\/\/aluguefesta.net.br\/index.php\/produto\/kit-3-pecas-simples-prato-de-mesa-faca-de-mesa-garfo-de-mesa\/","title":{"rendered":"KIT 3 PE\u00c7AS SIMPLES : Prato de mesa + Faca de mesa + Garfo de mesa"},"content":{"rendered":"<p>KIT 03 PE\u00c7AS REFEI\u00c7\u00c3O<\/p>\n<p>Prato Raso de mesa NADIR<\/p>\n<p>Garfo de mesa Inox LINHA 2<\/p>\n<p>Faca de mesa Inox LINHA 2<\/p>\n<p>Ideal para :\u00a0 : almo\u00e7o\/jantar\/churrasco<\/p>\n","protected":false},"excerpt":{"rendered":"<p>KIT 03 PE\u00c7AS REFEI\u00c7\u00c3O<\/p>\n<p>Prato Raso de mesa NADIR<\/p>\n<p>Garfo de mesa Inox LINHA 2<\/p>\n<p>Faca de mesa Inox LINHA 2<\/p>\n<p>Ideal para :\u00a0 : almo\u00e7o\/jantar\/churrasco<\/p>\n<p>Ideal para :\u00a0 : almo\u00e7o\/jantar\/churrasco<\/p>\n","protected":false},"featured_media":2252,"template":"","meta":[],"_links":{"self":[{"href":"https:\/\/aluguefesta.net.br\/index.php\/wp-json\/wp\/v2\/product\/2247"}],"collection":[{"href":"https:\/\/aluguefesta.net.br\/index.php\/wp-json\/wp\/v2\/product"}],"about":[{"href":"https:\/\/aluguefesta.net.br\/index.php\/wp-json\/wp\/v2\/types\/product"}],"wp:featuredmedia":[{"embeddable":true,"href":"https:\/\/aluguefesta.net.br\/index.php\/wp-json\/wp\/v2\/media\/2252"}],"wp:attachment":[{"href":"https:\/\/aluguefesta.net.br\/index.php\/wp-json\/wp\/v2\/media?parent=2247"}],"curies":[{"name":"wp","href":"https:\/\/api.w.org\/{rel}","templated":true}]}}