{"id":2286,"date":"2024-07-16T23:24:29","date_gmt":"2024-07-17T02:24:29","guid":{"rendered":"https:\/\/aluguefesta.net.br\/?post_type=product&#038;p=2286"},"modified":"2025-11-07T03:27:00","modified_gmt":"2025-11-07T06:27:00","slug":"jogo-de-mesas-trio-cubo-mini-garden-para-locacao-copia","status":"publish","type":"product","link":"https:\/\/aluguefesta.net.br\/index.php\/produto\/jogo-de-mesas-trio-cubo-mini-garden-para-locacao-copia\/","title":{"rendered":"Jogo de Mesas 4 PE\u00c7AS TRIO Cubo + MINI GARDEN para loca\u00e7\u00e3o"},"content":{"rendered":"<p>KIT 4 PE\u00c7AS<\/p>\n<p>Madeira e ferro gold<\/p>\n<p>Medidas:<br \/>\n1 mesa G: 80cm altura X 90cm comprimento x 43cm largura<\/p>\n<p>1 mesa M: 70cm altura X 40cm comprimento x 40cm largura<\/p>\n<p>1 mesa P: 60cm altura X 30cm comprimento x 30cm largura<\/p>\n<p>1 MINI GARDEN<\/p>\n<p>***BANDEJAS, JARROS, ENFEITES N\u00c3O INCLUSOS &#8211; VALOR REFERE-SE AOS M\u00d3VEIS***<\/p>\n","protected":false},"excerpt":{"rendered":"<p>KIT 4 PE\u00c7AS<\/p>\n<p>Madeira e ferro gold<\/p>\n<p>Medidas:<br \/>\n1 mesa G: 80cm altura X 90cm comprimento x 43cm largura<\/p>\n<p>1 mesa M: 70cm altura X 40cm comprimento x 40cm largura<\/p>\n<p>1 mesa P: 60cm altura X 30cm comprimento x 30cm largura<\/p>\n<p>1 MINI GARDEN<\/p>\n<p>***BANDEJAS, JARROS, ENFEITES N\u00c3O INCLUSOS &#8211; VALOR REFERE-SE AOS M\u00d3VEIS***<\/p>\n","protected":false},"featured_media":2287,"template":"","meta":[],"_links":{"self":[{"href":"https:\/\/aluguefesta.net.br\/index.php\/wp-json\/wp\/v2\/product\/2286"}],"collection":[{"href":"https:\/\/aluguefesta.net.br\/index.php\/wp-json\/wp\/v2\/product"}],"about":[{"href":"https:\/\/aluguefesta.net.br\/index.php\/wp-json\/wp\/v2\/types\/product"}],"wp:featuredmedia":[{"embeddable":true,"href":"https:\/\/aluguefesta.net.br\/index.php\/wp-json\/wp\/v2\/media\/2287"}],"wp:attachment":[{"href":"https:\/\/aluguefesta.net.br\/index.php\/wp-json\/wp\/v2\/media?parent=2286"}],"curies":[{"name":"wp","href":"https:\/\/api.w.org\/{rel}","templated":true}]}}