{"id":229,"date":"2020-07-26T01:55:46","date_gmt":"2020-07-26T04:55:46","guid":{"rendered":"https:\/\/aluguefesta.net.br\/?post_type=product&#038;p=229"},"modified":"2025-10-13T21:51:03","modified_gmt":"2025-10-14T00:51:03","slug":"garrafa-barroca-bico-de-jaca-900ml","status":"publish","type":"product","link":"https:\/\/aluguefesta.net.br\/index.php\/produto\/garrafa-barroca-bico-de-jaca-900ml\/","title":{"rendered":"Garrafa Barroca Bico de Jaca &#8211; 900ml"},"content":{"rendered":"<p>BARROCO GARRAFA WHISKY<br \/>\n&#8211; Altura 27cm &#8211; Largura 10cm &#8211; Capacidade 900ml<\/p>\n","protected":false},"excerpt":{"rendered":"<p>BARROCO GARRAFA WHISKY<br \/>\nCaracter\u00edsticas do Produto<br \/>\n&#8211; Eleg\u00e2ncia cl\u00e1ssica O alto padr\u00e3o do design e o brilho do vidro conferem sofistica\u00e7\u00e3o ao decanter Barroco. Que tal decorar o ambiente com uma elegante bandeja, o decanter Barroco e alguns copos on the rocks, para aquele drink especial no final do dia?<\/p>\n<p>&#8211; Altura 27cm<br \/>\n&#8211; Largura 10cm<br \/>\n&#8211; Capacidade 900ml<br \/>\n&#8211; Material Vidro<\/p>\n","protected":false},"featured_media":231,"template":"","meta":[],"_links":{"self":[{"href":"https:\/\/aluguefesta.net.br\/index.php\/wp-json\/wp\/v2\/product\/229"}],"collection":[{"href":"https:\/\/aluguefesta.net.br\/index.php\/wp-json\/wp\/v2\/product"}],"about":[{"href":"https:\/\/aluguefesta.net.br\/index.php\/wp-json\/wp\/v2\/types\/product"}],"wp:featuredmedia":[{"embeddable":true,"href":"https:\/\/aluguefesta.net.br\/index.php\/wp-json\/wp\/v2\/media\/231"}],"wp:attachment":[{"href":"https:\/\/aluguefesta.net.br\/index.php\/wp-json\/wp\/v2\/media?parent=229"}],"curies":[{"name":"wp","href":"https:\/\/api.w.org\/{rel}","templated":true}]}}