{"id":2306,"date":"2024-07-17T17:36:30","date_gmt":"2024-07-17T20:36:30","guid":{"rendered":"https:\/\/aluguefesta.net.br\/?post_type=product&#038;p=2306"},"modified":"2025-09-29T20:25:49","modified_gmt":"2025-09-29T23:25:49","slug":"prato-suporte-bolo-ou-doce-com-pe-coracao-g-dourado-gold","status":"publish","type":"product","link":"https:\/\/aluguefesta.net.br\/index.php\/produto\/prato-suporte-bolo-ou-doce-com-pe-coracao-g-dourado-gold\/","title":{"rendered":"Prato suporte Bolo ou Doce com p\u00e9 &#8211; Cora\u00e7\u00e3o G &#8211; Dourado &#8211; Gold"},"content":{"rendered":"<p>Linda Pe\u00e7a de Porcelana Dourada<\/p>\n<p>Pode ser usada como porta-doces , suporte de bem casados, prato de bolo<\/p>\n<p>Medidas : prato 35cm, 15 de altura<\/p>\n<p>*Pe\u00e7a Exclusiva<\/p>\n","protected":false},"excerpt":{"rendered":"<p>Linda Pe\u00e7a de Porcelana Dourada<\/p>\n<p>Pode ser usada como porta-doces , suporte de bem casados, prato de bolo<\/p>\n<p>Medidas : prato 35cm, 15 de altura<\/p>\n<p>*Pe\u00e7a Exclusiva<\/p>\n","protected":false},"featured_media":2309,"template":"","meta":[],"_links":{"self":[{"href":"https:\/\/aluguefesta.net.br\/index.php\/wp-json\/wp\/v2\/product\/2306"}],"collection":[{"href":"https:\/\/aluguefesta.net.br\/index.php\/wp-json\/wp\/v2\/product"}],"about":[{"href":"https:\/\/aluguefesta.net.br\/index.php\/wp-json\/wp\/v2\/types\/product"}],"wp:featuredmedia":[{"embeddable":true,"href":"https:\/\/aluguefesta.net.br\/index.php\/wp-json\/wp\/v2\/media\/2309"}],"wp:attachment":[{"href":"https:\/\/aluguefesta.net.br\/index.php\/wp-json\/wp\/v2\/media?parent=2306"}],"curies":[{"name":"wp","href":"https:\/\/api.w.org\/{rel}","templated":true}]}}