{"id":235,"date":"2020-07-26T02:13:17","date_gmt":"2020-07-26T05:13:17","guid":{"rendered":"https:\/\/aluguefesta.net.br\/?post_type=product&#038;p=235"},"modified":"2024-12-18T00:45:04","modified_gmt":"2024-12-18T03:45:04","slug":"gaiola-mini-de-metal","status":"publish","type":"product","link":"https:\/\/aluguefesta.net.br\/index.php\/produto\/gaiola-mini-de-metal\/","title":{"rendered":"Gaiola de metal P &#8211; Branca"},"content":{"rendered":"<p>Gaiola mini de ferro.<\/p>\n<p>Linda gaiolinha met\u00e1lica , ideal para decora\u00e7\u00e3o, mesa de bolo, mesa de bem casado e decora\u00e7\u00e3o em geral.<\/p>\n<p>9 cm alt<\/p>\n","protected":false},"excerpt":{"rendered":"<p>Gaiola mini de metal.<\/p>\n<p>Linda gaiolinha met\u00e1lica , ideal para decora\u00e7\u00e3o.<\/p>\n","protected":false},"featured_media":236,"template":"","meta":[],"_links":{"self":[{"href":"https:\/\/aluguefesta.net.br\/index.php\/wp-json\/wp\/v2\/product\/235"}],"collection":[{"href":"https:\/\/aluguefesta.net.br\/index.php\/wp-json\/wp\/v2\/product"}],"about":[{"href":"https:\/\/aluguefesta.net.br\/index.php\/wp-json\/wp\/v2\/types\/product"}],"wp:featuredmedia":[{"embeddable":true,"href":"https:\/\/aluguefesta.net.br\/index.php\/wp-json\/wp\/v2\/media\/236"}],"wp:attachment":[{"href":"https:\/\/aluguefesta.net.br\/index.php\/wp-json\/wp\/v2\/media?parent=235"}],"curies":[{"name":"wp","href":"https:\/\/api.w.org\/{rel}","templated":true}]}}