{"id":2409,"date":"2024-08-14T13:47:34","date_gmt":"2024-08-14T16:47:34","guid":{"rendered":"https:\/\/aluguefesta.net.br\/?post_type=product&#038;p=2409"},"modified":"2025-10-21T18:33:22","modified_gmt":"2025-10-21T21:33:22","slug":"decoracao-kit-completo","status":"publish","type":"product","link":"https:\/\/aluguefesta.net.br\/index.php\/produto\/decoracao-kit-completo\/","title":{"rendered":"Decora\u00e7\u00e3o Kit Basico Completo Com FLORES NATURAIS"},"content":{"rendered":"<p><a href=\"https:\/\/aluguefesta.net.br\/index.php\/produto\/decoracao-kit-completo\/\">KIT 4 MESAS Industriais<\/a><\/p>\n<p><a href=\"https:\/\/aluguefesta.net.br\/index.php\/produto\/decoracao-kit-completo\/\">Madeira e ferro gold<\/a><\/p>\n<p><a href=\"https:\/\/aluguefesta.net.br\/index.php\/produto\/decoracao-kit-completo\/\">Medidas:<\/a><br \/>\n<a href=\"https:\/\/aluguefesta.net.br\/index.php\/produto\/decoracao-kit-completo\/\">1 mesa G: 80cm altura X 90cm comprimento x 43cm largura<\/a><\/p>\n<p><a href=\"https:\/\/aluguefesta.net.br\/index.php\/produto\/decoracao-kit-completo\/\">1 mesa M: 70cm altura X 40cm comprimento x 40cm largura<\/a><\/p>\n<p><a href=\"https:\/\/aluguefesta.net.br\/index.php\/produto\/decoracao-kit-completo\/\">1 mesa P: 60cm altura X 30cm comprimento x 30cm largura<\/a><\/p>\n<p><a href=\"https:\/\/aluguefesta.net.br\/index.php\/produto\/decoracao-kit-completo\/\">1 mesa PP: 50cm altura X 30cm comprimento x 30cm largura<\/a><\/p>\n<p><a href=\"https:\/\/aluguefesta.net.br\/index.php\/produto\/decoracao-kit-completo\/\">ESTANTE :<\/a><\/p>\n<p><a href=\"https:\/\/aluguefesta.net.br\/index.php\/produto\/decoracao-kit-completo\/\">Linda Estante ESCADA<\/a><\/p>\n<p><a href=\"https:\/\/aluguefesta.net.br\/index.php\/produto\/decoracao-kit-completo\/\">Tam : 130 A x 45 L x 25 p<\/a><\/p>\n<p><a href=\"https:\/\/aluguefesta.net.br\/index.php\/produto\/decoracao-kit-completo\/\">ARCO METAL GOLD :<\/a><\/p>\n<p><a href=\"https:\/\/aluguefesta.net.br\/index.php\/produto\/decoracao-kit-completo\/\">Altura 2 metros<\/a><br \/>\n<a href=\"https:\/\/aluguefesta.net.br\/index.php\/produto\/decoracao-kit-completo\/\">Di\u00e2metro 1,5<\/a><\/p>\n<p><a href=\"https:\/\/aluguefesta.net.br\/index.php\/produto\/decoracao-kit-completo\/\">BOLO FAKE :<\/a><\/p>\n<p><a href=\"https:\/\/aluguefesta.net.br\/index.php\/produto\/decoracao-kit-completo\/\">Em biscuit 3 andares (o bolo \u00e9 liso sendo decorado de forma personalizada conforme a cor e estilo escolhido pelo cliente)<\/a><\/p>\n<p><a href=\"https:\/\/aluguefesta.net.br\/index.php\/produto\/decoracao-kit-completo\/\">30 x 45<\/a><\/p>\n<p><a href=\"https:\/\/aluguefesta.net.br\/index.php\/produto\/decoracao-kit-completo\/\">BANDEJAS :<\/a><\/p>\n<p><a href=\"https:\/\/aluguefesta.net.br\/index.php\/produto\/decoracao-kit-completo\/\">SUPORTE DE BOLO<\/a><\/p>\n<p><a href=\"https:\/\/aluguefesta.net.br\/index.php\/produto\/decoracao-kit-completo\/\">4 BANDEJAS EM PS<\/a><\/p>\n<p><a href=\"https:\/\/aluguefesta.net.br\/index.php\/produto\/decoracao-kit-completo\/\">2 BANDEJAS EM PRATA VELHA OU METAL GOLD<\/a><\/p>\n<p><a href=\"https:\/\/aluguefesta.net.br\/index.php\/produto\/decoracao-kit-completo\/\">ARRANJOS :<\/a><\/p>\n<p><a href=\"https:\/\/aluguefesta.net.br\/index.php\/produto\/decoracao-kit-completo\/\">FLORES DA ESTA\u00c7\u00c3O NATURAIS \u00c0 ESCOLHER<\/a><\/p>\n<p><a href=\"https:\/\/aluguefesta.net.br\/index.php\/produto\/decoracao-kit-completo\/\">1 ARRANJO P PARA O ARCO<\/a><\/p>\n<p><a href=\"https:\/\/aluguefesta.net.br\/index.php\/produto\/decoracao-kit-completo\/\">1 ARRANJO M PARA MESA<\/a><\/p>\n<p><a href=\"https:\/\/aluguefesta.net.br\/index.php\/produto\/decoracao-kit-completo\/\">3 ARRANJOS MINI DE COMPOSI\u00c7\u00c3O<\/a><\/p>\n<p>&nbsp;<\/p>\n<p><a href=\"https:\/\/aluguefesta.net.br\/index.php\/produto\/decoracao-kit-completo\/\">JARROS :<\/a><\/p>\n<p><a href=\"https:\/\/aluguefesta.net.br\/index.php\/produto\/decoracao-kit-completo\/\">01 Jarro baixo em barro gold grande<\/a><\/p>\n<p><a href=\"https:\/\/aluguefesta.net.br\/index.php\/produto\/decoracao-kit-completo\/\">04 Jarro baixo em barro gold mini<\/a><\/p>\n<p>&nbsp;<\/p>\n<p><a href=\"https:\/\/aluguefesta.net.br\/index.php\/produto\/decoracao-kit-completo\/\">TECIDO :<\/a><\/p>\n<p><a href=\"https:\/\/aluguefesta.net.br\/index.php\/produto\/decoracao-kit-completo\/\">VOIL OU CHIFON NA COR A ESCOLHER PARA COMPOR O ARCO SE DESEJADO<\/a><\/p>\n<p><a href=\"https:\/\/aluguefesta.net.br\/index.php\/produto\/decoracao-kit-completo\/\">VALOR INCLUI A LOCA\u00c7\u00c3O DOS ITENS, VENDA DOS ARRANJOS NATURAIS, MONTAGEM , DESMONTAGEM E FRETE<\/a><\/p>\n","protected":false},"excerpt":{"rendered":"<p><a href=\"https:\/\/aluguefesta.net.br\/index.php\/produto\/decoracao-kit-completo\/\">KIT 4 MESAS Industriais<\/a><\/p>\n<p><a href=\"https:\/\/aluguefesta.net.br\/index.php\/produto\/decoracao-kit-completo\/\">Madeira e ferro gold<\/a><\/p>\n<p><a href=\"https:\/\/aluguefesta.net.br\/index.php\/produto\/decoracao-kit-completo\/\">Medidas:<\/a><br \/>\n<a href=\"https:\/\/aluguefesta.net.br\/index.php\/produto\/decoracao-kit-completo\/\">1 mesa G: 80cm altura X 90cm comprimento x 43cm largura<\/a><\/p>\n<p><a href=\"https:\/\/aluguefesta.net.br\/index.php\/produto\/decoracao-kit-completo\/\">1 mesa M: 70cm altura X 40cm comprimento x 40cm largura<\/a><\/p>\n<p><a href=\"https:\/\/aluguefesta.net.br\/index.php\/produto\/decoracao-kit-completo\/\">1 mesa P: 60cm altura X 30cm comprimento x 30cm largura<\/a><\/p>\n<p><a href=\"https:\/\/aluguefesta.net.br\/index.php\/produto\/decoracao-kit-completo\/\">1 mesa PP: 50cm altura X 30cm comprimento x 30cm largura<\/a><\/p>\n","protected":false},"featured_media":2410,"template":"","meta":[],"_links":{"self":[{"href":"https:\/\/aluguefesta.net.br\/index.php\/wp-json\/wp\/v2\/product\/2409"}],"collection":[{"href":"https:\/\/aluguefesta.net.br\/index.php\/wp-json\/wp\/v2\/product"}],"about":[{"href":"https:\/\/aluguefesta.net.br\/index.php\/wp-json\/wp\/v2\/types\/product"}],"wp:featuredmedia":[{"embeddable":true,"href":"https:\/\/aluguefesta.net.br\/index.php\/wp-json\/wp\/v2\/media\/2410"}],"wp:attachment":[{"href":"https:\/\/aluguefesta.net.br\/index.php\/wp-json\/wp\/v2\/media?parent=2409"}],"curies":[{"name":"wp","href":"https:\/\/api.w.org\/{rel}","templated":true}]}}