{"id":2526,"date":"2024-10-10T22:18:07","date_gmt":"2024-10-11T01:18:07","guid":{"rendered":"https:\/\/aluguefesta.net.br\/?post_type=product&#038;p=2526"},"modified":"2025-12-18T02:20:44","modified_gmt":"2025-12-18T05:20:44","slug":"centro-de-mesa-porta-doces-class-g","status":"publish","type":"product","link":"https:\/\/aluguefesta.net.br\/index.php\/produto\/centro-de-mesa-porta-doces-class-g\/","title":{"rendered":"Prato bolo &#8211; milano &#8211; Centro de Mesa- Porta-Doces &#8211; G"},"content":{"rendered":"<p>Bel\u00edssima Pe\u00e7a Centro de mesa em Cristal com pedestal.<\/p>\n<p>Ideal para ser usada em decora\u00e7\u00e3o cl\u00e1ssica, como porta-doces.<\/p>\n<p>*duas pe\u00e7as dispon\u00edveis na cole\u00e7\u00e3o<\/p>\n","protected":false},"excerpt":{"rendered":"<p>Bel\u00edssima Pe\u00e7a Centro de mesa em Cristal com pedestal.<\/p>\n<p>Medidas : 29&#215;14<\/p>\n","protected":false},"featured_media":2527,"template":"","meta":[],"_links":{"self":[{"href":"https:\/\/aluguefesta.net.br\/index.php\/wp-json\/wp\/v2\/product\/2526"}],"collection":[{"href":"https:\/\/aluguefesta.net.br\/index.php\/wp-json\/wp\/v2\/product"}],"about":[{"href":"https:\/\/aluguefesta.net.br\/index.php\/wp-json\/wp\/v2\/types\/product"}],"wp:featuredmedia":[{"embeddable":true,"href":"https:\/\/aluguefesta.net.br\/index.php\/wp-json\/wp\/v2\/media\/2527"}],"wp:attachment":[{"href":"https:\/\/aluguefesta.net.br\/index.php\/wp-json\/wp\/v2\/media?parent=2526"}],"curies":[{"name":"wp","href":"https:\/\/api.w.org\/{rel}","templated":true}]}}