{"id":2610,"date":"2024-11-21T21:51:21","date_gmt":"2024-11-22T00:51:21","guid":{"rendered":"https:\/\/aluguefesta.net.br\/?post_type=product&#038;p=2610"},"modified":"2025-11-17T11:33:24","modified_gmt":"2025-11-17T14:33:24","slug":"bandeja-cesto-coracao-em-madeira-escura-g","status":"publish","type":"product","link":"https:\/\/aluguefesta.net.br\/index.php\/produto\/bandeja-cesto-coracao-em-madeira-escura-g\/","title":{"rendered":"Bandeja Cesto Cora\u00e7\u00e3o em Madeira Escura G"},"content":{"rendered":"<p>Dimens\u00f5es:<br \/>\n29cm comprimento x 26cm largura x 8cm altura<\/p>\n<p>Cor: Escurecido R\u00fastico<\/p>\n<p>Altura:\u00a00.09\u00a0cm<\/p>\n<p>Largura:\u00a00.25\u00a0cm<\/p>\n<p>Comprimento:\u00a00.29\u00a0cm<\/p>\n","protected":false},"excerpt":{"rendered":"<p>Dimens\u00f5es:<br \/>\n29cm comprimento x 26cm largura x 8cm altura<\/p>\n<p>Cor: Escurecido R\u00fastico<\/p>\n<p>Altura:\u00a00.09\u00a0cm<\/p>\n<p>Largura:\u00a00.25\u00a0cm<\/p>\n<p>Comprimento:\u00a00.29\u00a0cm<\/p>\n","protected":false},"featured_media":2611,"template":"","meta":[],"_links":{"self":[{"href":"https:\/\/aluguefesta.net.br\/index.php\/wp-json\/wp\/v2\/product\/2610"}],"collection":[{"href":"https:\/\/aluguefesta.net.br\/index.php\/wp-json\/wp\/v2\/product"}],"about":[{"href":"https:\/\/aluguefesta.net.br\/index.php\/wp-json\/wp\/v2\/types\/product"}],"wp:featuredmedia":[{"embeddable":true,"href":"https:\/\/aluguefesta.net.br\/index.php\/wp-json\/wp\/v2\/media\/2611"}],"wp:attachment":[{"href":"https:\/\/aluguefesta.net.br\/index.php\/wp-json\/wp\/v2\/media?parent=2610"}],"curies":[{"name":"wp","href":"https:\/\/api.w.org\/{rel}","templated":true}]}}