{"id":2616,"date":"2024-11-21T22:02:03","date_gmt":"2024-11-22T01:02:03","guid":{"rendered":"https:\/\/aluguefesta.net.br\/?post_type=product&#038;p=2616"},"modified":"2026-01-22T13:05:26","modified_gmt":"2026-01-22T16:05:26","slug":"kit-xicara-de-cha-premium-220ml-mini-prato-pires-egipcio","status":"publish","type":"product","link":"https:\/\/aluguefesta.net.br\/index.php\/produto\/kit-xicara-de-cha-premium-220ml-mini-prato-pires-egipcio\/","title":{"rendered":"X\u00edcara de ch\u00e1 Premium 220ml com pires eg\u00edpcio"},"content":{"rendered":"<p>x\u00edcara de Vidro liso<\/p>\n<p>mini prato pires eg\u00edpcio : 13cm<\/p>\n<p>&nbsp;<\/p>\n","protected":false},"excerpt":{"rendered":"<p>x\u00edcara de Vidro liso<\/p>\n<p>mini prato pires eg\u00edpcio : 13cm<\/p>\n<p>&nbsp;<\/p>\n","protected":false},"featured_media":3366,"template":"","meta":[],"_links":{"self":[{"href":"https:\/\/aluguefesta.net.br\/index.php\/wp-json\/wp\/v2\/product\/2616"}],"collection":[{"href":"https:\/\/aluguefesta.net.br\/index.php\/wp-json\/wp\/v2\/product"}],"about":[{"href":"https:\/\/aluguefesta.net.br\/index.php\/wp-json\/wp\/v2\/types\/product"}],"wp:featuredmedia":[{"embeddable":true,"href":"https:\/\/aluguefesta.net.br\/index.php\/wp-json\/wp\/v2\/media\/3366"}],"wp:attachment":[{"href":"https:\/\/aluguefesta.net.br\/index.php\/wp-json\/wp\/v2\/media?parent=2616"}],"curies":[{"name":"wp","href":"https:\/\/api.w.org\/{rel}","templated":true}]}}