{"id":2660,"date":"2024-12-09T20:12:25","date_gmt":"2024-12-09T23:12:25","guid":{"rendered":"https:\/\/aluguefesta.net.br\/?post_type=product&#038;p=2660"},"modified":"2025-10-28T11:22:51","modified_gmt":"2025-10-28T14:22:51","slug":"rechaud-caldereta-basico-aluminio-unitario-6l","status":"publish","type":"product","link":"https:\/\/aluguefesta.net.br\/index.php\/produto\/rechaud-caldereta-basico-aluminio-unitario-6l\/","title":{"rendered":"Rechaud Caldereta B\u00e1sico Aluminio Unit\u00e1rio 6L"},"content":{"rendered":"<p>Rechaud em alum\u00ednio com tampa, suporte para a panela com descanso para a tampa e queimador a \u00e1lcool.<\/p>\n<p>Ideal para manter os alimentos quentes depois que v\u00e3o para a mesa.<br \/>\n6,0 litros de capacidade.<\/p>\n","protected":false},"excerpt":{"rendered":"<p>Rechaud em alum\u00ednio com tampa, suporte para a panela com descanso para a tampa e queimador a \u00e1lcool.<\/p>\n<p>Ideal para manter os alimentos quentes depois que v\u00e3o para a mesa.<br \/>\n6,0 litros de capacidade.<\/p>\n","protected":false},"featured_media":2661,"template":"","meta":[],"_links":{"self":[{"href":"https:\/\/aluguefesta.net.br\/index.php\/wp-json\/wp\/v2\/product\/2660"}],"collection":[{"href":"https:\/\/aluguefesta.net.br\/index.php\/wp-json\/wp\/v2\/product"}],"about":[{"href":"https:\/\/aluguefesta.net.br\/index.php\/wp-json\/wp\/v2\/types\/product"}],"wp:featuredmedia":[{"embeddable":true,"href":"https:\/\/aluguefesta.net.br\/index.php\/wp-json\/wp\/v2\/media\/2661"}],"wp:attachment":[{"href":"https:\/\/aluguefesta.net.br\/index.php\/wp-json\/wp\/v2\/media?parent=2660"}],"curies":[{"name":"wp","href":"https:\/\/api.w.org\/{rel}","templated":true}]}}