{"id":2662,"date":"2024-12-09T20:17:02","date_gmt":"2024-12-09T23:17:02","guid":{"rendered":"https:\/\/aluguefesta.net.br\/?post_type=product&#038;p=2662"},"modified":"2025-10-28T11:22:43","modified_gmt":"2025-10-28T14:22:43","slug":"rechaud-caldereta-basico-aluminio-unitario-75l-copia","status":"publish","type":"product","link":"https:\/\/aluguefesta.net.br\/index.php\/produto\/rechaud-caldereta-basico-aluminio-unitario-75l-copia\/","title":{"rendered":"Rechaud Caldereta B\u00e1sico Aluminio Unit\u00e1rio 7,5L"},"content":{"rendered":"<p>Rechaud em alum\u00ednio com tampa, suporte para a panela com descanso para a tampa e queimador a \u00e1lcool.<\/p>\n<p>Ideal para manter os alimentos quentes depois que v\u00e3o para a mesa.<br \/>\n7,5\u00a0 litros de capacidade.<\/p>\n","protected":false},"excerpt":{"rendered":"<p>Rechaud em alum\u00ednio com tampa, suporte para a panela com descanso para a tampa e queimador a \u00e1lcool.<\/p>\n<p>Ideal para manter os alimentos quentes depois que v\u00e3o para a mesa.<br \/>\n7,5 litros de capacidade.<\/p>\n","protected":false},"featured_media":2663,"template":"","meta":[],"_links":{"self":[{"href":"https:\/\/aluguefesta.net.br\/index.php\/wp-json\/wp\/v2\/product\/2662"}],"collection":[{"href":"https:\/\/aluguefesta.net.br\/index.php\/wp-json\/wp\/v2\/product"}],"about":[{"href":"https:\/\/aluguefesta.net.br\/index.php\/wp-json\/wp\/v2\/types\/product"}],"wp:featuredmedia":[{"embeddable":true,"href":"https:\/\/aluguefesta.net.br\/index.php\/wp-json\/wp\/v2\/media\/2663"}],"wp:attachment":[{"href":"https:\/\/aluguefesta.net.br\/index.php\/wp-json\/wp\/v2\/media?parent=2662"}],"curies":[{"name":"wp","href":"https:\/\/api.w.org\/{rel}","templated":true}]}}