{"id":2711,"date":"2024-12-19T02:10:49","date_gmt":"2024-12-19T05:10:49","guid":{"rendered":"https:\/\/aluguefesta.net.br\/?post_type=product&#038;p=2711"},"modified":"2024-12-19T02:12:49","modified_gmt":"2024-12-19T05:12:49","slug":"espatula-de-bolo","status":"publish","type":"product","link":"https:\/\/aluguefesta.net.br\/index.php\/produto\/espatula-de-bolo\/","title":{"rendered":"Espatula de Bolo"},"content":{"rendered":"<p><strong>Material:<\/strong>\u00a0Inox<\/p>\n<p>Medidas: Espessura 1mm Comprimento: 28 cm<\/p>\n","protected":false},"excerpt":{"rendered":"<p>A linha Am\u00e9rica tem o cabo com grafismo em relevo oval que combina com qualquer mesa, al\u00e9m disso \u00e9 produzido em inox que garante maior qualidade.<\/p>\n<p><strong>Cuidados:<\/strong><\/p>\n<p>\u2022 Para manter seus talheres sempre brilhando, lave com esponja macia, sab\u00e3o ou detergente neutro. Produtos abrasivos como palha de a\u00e7o podem riscar e prejudicar o brilho<br \/>\n\u2022 Seque imediatamente para evitar manchas<br \/>\n\u2022 Recomenda-se o uso de \u00e1gua quente para melhorar o brilho<br \/>\n\u2022 N\u00e3o guarde em local \u00famido, a umidade pode provocar manchas.<\/p>\n<p><strong>Material:<\/strong>\u00a0Inox<\/p>\n<p>Medidas: Espessura 1mm Comprimento: 28 cm<\/p>\n","protected":false},"featured_media":2712,"template":"","meta":[],"_links":{"self":[{"href":"https:\/\/aluguefesta.net.br\/index.php\/wp-json\/wp\/v2\/product\/2711"}],"collection":[{"href":"https:\/\/aluguefesta.net.br\/index.php\/wp-json\/wp\/v2\/product"}],"about":[{"href":"https:\/\/aluguefesta.net.br\/index.php\/wp-json\/wp\/v2\/types\/product"}],"wp:featuredmedia":[{"embeddable":true,"href":"https:\/\/aluguefesta.net.br\/index.php\/wp-json\/wp\/v2\/media\/2712"}],"wp:attachment":[{"href":"https:\/\/aluguefesta.net.br\/index.php\/wp-json\/wp\/v2\/media?parent=2711"}],"curies":[{"name":"wp","href":"https:\/\/api.w.org\/{rel}","templated":true}]}}