{"id":2718,"date":"2024-12-19T08:17:40","date_gmt":"2024-12-19T11:17:40","guid":{"rendered":"https:\/\/aluguefesta.net.br\/?post_type=product&#038;p=2718"},"modified":"2025-11-24T17:59:54","modified_gmt":"2025-11-24T20:59:54","slug":"kit-open-bar-saladas-ou-sobremesas-5pcs","status":"publish","type":"product","link":"https:\/\/aluguefesta.net.br\/index.php\/produto\/kit-open-bar-saladas-ou-sobremesas-5pcs\/","title":{"rendered":"KIT OPEN BAR &#8211; SALADAS OU SOBREMESAS 5P\u00c7S"},"content":{"rendered":"<p><em><strong>Para expor frutas, saladas ou sobremesas<\/strong><\/em><\/p>\n<p><strong>KIT OPEN BAR &#8211; SALADAS OU SOBREMESAS 4P\u00c7S<\/strong><\/p>\n<p>4 unidades de Saladeira Fruteira Glass capacidade 2.4 litros:<\/p>\n<p>Bel\u00edssima Pe\u00e7a Centro de mesa &#8211; saladeira Fruteira em Vidro Cristal<\/p>\n<p>Ideal para ser usado em decora\u00e7\u00e3o de mesa de servir &#8211; saladas, refei\u00e7\u00f5es etc ou como porta-doces.<\/p>\n<p>CAPACIDADE : 2,4LITROS<\/p>\n<p>TAM 24 X 14CM<\/p>\n<p>01 Unidade de <strong>Centro de Mesa- Porta-Doces Charm \u2013 GG<\/strong><\/p>\n<p>Capacidade 2,5 litros\u00a0 tam 35cm x 22cm<\/p>\n<p>Bel\u00edssima Pe\u00e7a Centro de mesa em Cristal com pedestal.<\/p>\n<p>Ideal para ser usada em decora\u00e7\u00e3o cl\u00e1ssica, como porta-doces.<\/p>\n<p>*Pe\u00e7a Exclusiva<\/p>\n<p>&nbsp;<\/p>\n","protected":false},"excerpt":{"rendered":"<p>Bel\u00edssima Pe\u00e7a Centro de mesa &#8211; saladeira Fruteira em Vidro Cristal<\/p>\n<p>Ideal para ser usado em decora\u00e7\u00e3o de mesa de servir &#8211; saladas, refei\u00e7\u00f5es etc ou como porta-doces.<\/p>\n<p>CAPACIDADE : 2,4LITROS<\/p>\n<p>TAM 24 X 14CM<\/p>\n<p>&nbsp;<\/p>\n","protected":false},"featured_media":2720,"template":"","meta":[],"_links":{"self":[{"href":"https:\/\/aluguefesta.net.br\/index.php\/wp-json\/wp\/v2\/product\/2718"}],"collection":[{"href":"https:\/\/aluguefesta.net.br\/index.php\/wp-json\/wp\/v2\/product"}],"about":[{"href":"https:\/\/aluguefesta.net.br\/index.php\/wp-json\/wp\/v2\/types\/product"}],"wp:featuredmedia":[{"embeddable":true,"href":"https:\/\/aluguefesta.net.br\/index.php\/wp-json\/wp\/v2\/media\/2720"}],"wp:attachment":[{"href":"https:\/\/aluguefesta.net.br\/index.php\/wp-json\/wp\/v2\/media?parent=2718"}],"curies":[{"name":"wp","href":"https:\/\/api.w.org\/{rel}","templated":true}]}}