{"id":2732,"date":"2024-12-19T20:07:06","date_gmt":"2024-12-19T23:07:06","guid":{"rendered":"https:\/\/aluguefesta.net.br\/?post_type=product&#038;p=2732"},"modified":"2026-01-14T14:19:28","modified_gmt":"2026-01-14T17:19:28","slug":"ramequim-em-ceramica-branco-300-ml","status":"publish","type":"product","link":"https:\/\/aluguefesta.net.br\/index.php\/produto\/ramequim-em-ceramica-branco-300-ml\/","title":{"rendered":"Ramequim em Ceramica branco 190 ml"},"content":{"rendered":"<p>S\u00e3o perfeitos para compor uma linda mesa de caf\u00e9 da manh\u00e3, servir sobremesa, Mini refei\u00e7\u00f5es em eventos ou aperitivos.<\/p>\n<p>&nbsp;<\/p>\n","protected":false},"excerpt":{"rendered":"<p>S\u00e3o perfeitos para compor uma linda mesa de caf\u00e9 da manh\u00e3, servir sobremesa, Mini refei\u00e7\u00f5es em eventos ou aperitivos. &nbsp;<\/p>\n","protected":false},"featured_media":2733,"template":"","meta":[],"_links":{"self":[{"href":"https:\/\/aluguefesta.net.br\/index.php\/wp-json\/wp\/v2\/product\/2732"}],"collection":[{"href":"https:\/\/aluguefesta.net.br\/index.php\/wp-json\/wp\/v2\/product"}],"about":[{"href":"https:\/\/aluguefesta.net.br\/index.php\/wp-json\/wp\/v2\/types\/product"}],"wp:featuredmedia":[{"embeddable":true,"href":"https:\/\/aluguefesta.net.br\/index.php\/wp-json\/wp\/v2\/media\/2733"}],"wp:attachment":[{"href":"https:\/\/aluguefesta.net.br\/index.php\/wp-json\/wp\/v2\/media?parent=2732"}],"curies":[{"name":"wp","href":"https:\/\/api.w.org\/{rel}","templated":true}]}}