{"id":2764,"date":"2024-12-26T20:04:39","date_gmt":"2024-12-26T23:04:39","guid":{"rendered":"https:\/\/aluguefesta.net.br\/?post_type=product&#038;p=2764"},"modified":"2025-09-19T17:12:03","modified_gmt":"2025-09-19T20:12:03","slug":"mini-bowl-mini-saladeira-acrilico-350ml","status":"publish","type":"product","link":"https:\/\/aluguefesta.net.br\/index.php\/produto\/mini-bowl-mini-saladeira-acrilico-350ml\/","title":{"rendered":"Mini Bowl MINI SALADEIRA ACRILICO 350ML"},"content":{"rendered":"<p>Pr\u00e1tica, resistente e bela, a Saladeira Pl\u00e1stica Cristal 350ml Transparente n\u00e3o pode faltar em sua mesa.<\/p>\n<p>Composi\u00e7\u00e3o: Pl\u00e1stico<br \/>\nCor: Transparente<br \/>\nCapacidade: 350ml<\/p>\n<p>Dimens\u00e3o: 10,5cm x 10,5cm x 6cm (C-L-A)<\/p>\n","protected":false},"excerpt":{"rendered":"<p>Pr\u00e1tica, resistente e bela, a Saladeira Pl\u00e1stica Cristal 350ml Transparente n\u00e3o pode faltar em sua mesa.<\/p>\n<p>Composi\u00e7\u00e3o: Pl\u00e1stico<br \/>\nCor: Transparente<br \/>\nCapacidade: 350ml<\/p>\n<p>Dimens\u00e3o: 10,5cm x 10,5cm x 6cm (C-L-A)<\/p>\n","protected":false},"featured_media":2765,"template":"","meta":[],"_links":{"self":[{"href":"https:\/\/aluguefesta.net.br\/index.php\/wp-json\/wp\/v2\/product\/2764"}],"collection":[{"href":"https:\/\/aluguefesta.net.br\/index.php\/wp-json\/wp\/v2\/product"}],"about":[{"href":"https:\/\/aluguefesta.net.br\/index.php\/wp-json\/wp\/v2\/types\/product"}],"wp:featuredmedia":[{"embeddable":true,"href":"https:\/\/aluguefesta.net.br\/index.php\/wp-json\/wp\/v2\/media\/2765"}],"wp:attachment":[{"href":"https:\/\/aluguefesta.net.br\/index.php\/wp-json\/wp\/v2\/media?parent=2764"}],"curies":[{"name":"wp","href":"https:\/\/api.w.org\/{rel}","templated":true}]}}