{"id":290,"date":"2020-07-27T18:03:33","date_gmt":"2020-07-27T21:03:33","guid":{"rendered":"https:\/\/aluguefesta.net.br\/?post_type=product&#038;p=290"},"modified":"2024-12-18T01:01:40","modified_gmt":"2024-12-18T04:01:40","slug":"vaso-pequeno-de-vidro-o-par","status":"publish","type":"product","link":"https:\/\/aluguefesta.net.br\/index.php\/produto\/vaso-pequeno-de-vidro-o-par\/","title":{"rendered":"Par deVasos  Candy &#8211; P"},"content":{"rendered":"<p>Par de jarros Candy &#8211; P<\/p>\n<p>Valor Refere-se \u00e0 loca\u00e7\u00e3o do PAR (2 UNIDADES)<\/p>\n<p>Ideal para decora\u00e7\u00e3o, para colocar na mesa de bolo , para casamento , XV anos e decora\u00e7\u00f5es em geral.<\/p>\n<p>Tam 12 cm A x 8 cm L<\/p>\n","protected":false},"excerpt":{"rendered":"<p>Par de jarros Candy &#8211; P<\/p>\n<p>Ideal para decora\u00e7\u00f5es em geral.<\/p>\n","protected":false},"featured_media":292,"template":"","meta":[],"_links":{"self":[{"href":"https:\/\/aluguefesta.net.br\/index.php\/wp-json\/wp\/v2\/product\/290"}],"collection":[{"href":"https:\/\/aluguefesta.net.br\/index.php\/wp-json\/wp\/v2\/product"}],"about":[{"href":"https:\/\/aluguefesta.net.br\/index.php\/wp-json\/wp\/v2\/types\/product"}],"wp:featuredmedia":[{"embeddable":true,"href":"https:\/\/aluguefesta.net.br\/index.php\/wp-json\/wp\/v2\/media\/292"}],"wp:attachment":[{"href":"https:\/\/aluguefesta.net.br\/index.php\/wp-json\/wp\/v2\/media?parent=290"}],"curies":[{"name":"wp","href":"https:\/\/api.w.org\/{rel}","templated":true}]}}