{"id":298,"date":"2020-07-27T19:02:23","date_gmt":"2020-07-27T22:02:23","guid":{"rendered":"https:\/\/aluguefesta.net.br\/?post_type=product&#038;p=298"},"modified":"2025-10-30T04:28:52","modified_gmt":"2025-10-30T07:28:52","slug":"coco-de-ceramica-jogo-c-4","status":"publish","type":"product","link":"https:\/\/aluguefesta.net.br\/index.php\/produto\/coco-de-ceramica-jogo-c-4\/","title":{"rendered":"Conjunto de 5 Vasos C\u00f4co de Cer\u00e2mica"},"content":{"rendered":"<p>Coco de cer\u00e2mica &#8211; jogo c 4<\/p>\n<p>Linda pe\u00e7a de cer\u00e2mica &#8211; Ideal para enfeite, festas tem\u00e1ticas.<\/p>\n<p>Valor Refere-se \u00e0 loca\u00e7\u00e3o do kit (4 UNIDADES)<\/p>\n","protected":false},"excerpt":{"rendered":"<p>Coco de cer\u00e2mica &#8211; jogo c 4<\/p>\n<p>Lindo conjunto de pe\u00e7as de cer\u00e2mica &#8211; Ideal para festas tem\u00e1ticas.<\/p>\n","protected":false},"featured_media":299,"template":"","meta":[],"_links":{"self":[{"href":"https:\/\/aluguefesta.net.br\/index.php\/wp-json\/wp\/v2\/product\/298"}],"collection":[{"href":"https:\/\/aluguefesta.net.br\/index.php\/wp-json\/wp\/v2\/product"}],"about":[{"href":"https:\/\/aluguefesta.net.br\/index.php\/wp-json\/wp\/v2\/types\/product"}],"wp:featuredmedia":[{"embeddable":true,"href":"https:\/\/aluguefesta.net.br\/index.php\/wp-json\/wp\/v2\/media\/299"}],"wp:attachment":[{"href":"https:\/\/aluguefesta.net.br\/index.php\/wp-json\/wp\/v2\/media?parent=298"}],"curies":[{"name":"wp","href":"https:\/\/api.w.org\/{rel}","templated":true}]}}