{"id":3063,"date":"2025-06-24T15:50:38","date_gmt":"2025-06-24T18:50:38","guid":{"rendered":"https:\/\/aluguefesta.net.br\/?post_type=product&#038;p=3063"},"modified":"2025-12-19T02:27:05","modified_gmt":"2025-12-19T05:27:05","slug":"kit-guarda-sol-2m-base-suporte","status":"publish","type":"product","link":"https:\/\/aluguefesta.net.br\/index.php\/produto\/kit-guarda-sol-2m-base-suporte\/","title":{"rendered":"KIT GUARDA-SOL 2M + BASE SUPORTE"},"content":{"rendered":"<p>AJUST\u00c1VEL EM DUAS POSI\u00c7\u00d5ES: 2 m at\u00e9 2,1 m<\/p>\n<p>&#8211; Possui v\u00e3os respir\u00e1veis para circula\u00e7\u00e3o de ar e para n\u00e3o voar com ventos fortes;<br \/>\n&#8211; Prote\u00e7\u00e3o Interna Extra contra raios UV;<br \/>\n&#8211; Material resistente e excelente acabamento;<br \/>\n&#8211; Instala\u00e7\u00e3o r\u00e1pida e pr\u00e1tica.<\/p>\n<p>Especifica\u00e7\u00f5es:<br \/>\n&#8211; Material: Poliester, PVC e A\u00e7o\/Metal<br \/>\n&#8211; Dimens\u00f5es: 2,1m x 1,36m<br \/>\n&#8211; Di\u00e2metro da Haste: 3,5cm<br \/>\n&#8211; Fechado para transporte possui 1,40m<br \/>\n&#8211; Peso: 2,5kg<\/p>\n","protected":false},"excerpt":{"rendered":"<p>AJUST\u00c1VEL EM DUAS POSI\u00c7\u00d5ES: 2 m at\u00e9 2,1 m<\/p>\n<p>&#8211; Possui v\u00e3os respir\u00e1veis para circula\u00e7\u00e3o de ar e para n\u00e3o voar com ventos fortes;<br \/>\n&#8211; Prote\u00e7\u00e3o Interna Extra contra raios UV;<br \/>\n&#8211; Material resistente e excelente acabamento;<br \/>\n&#8211; Instala\u00e7\u00e3o r\u00e1pida e pr\u00e1tica.<\/p>\n<p>Especifica\u00e7\u00f5es:<br \/>\n&#8211; Material: Poliester, PVC e A\u00e7o\/Metal<br \/>\n&#8211; Dimens\u00f5es: 2,1m x 1,36m<br \/>\n&#8211; Di\u00e2metro da Haste: 3,5cm<br \/>\n&#8211; Fechado para transporte possui 1,40m<br \/>\n&#8211; Peso: 2,5kg<\/p>\n","protected":false},"featured_media":3064,"template":"","meta":[],"_links":{"self":[{"href":"https:\/\/aluguefesta.net.br\/index.php\/wp-json\/wp\/v2\/product\/3063"}],"collection":[{"href":"https:\/\/aluguefesta.net.br\/index.php\/wp-json\/wp\/v2\/product"}],"about":[{"href":"https:\/\/aluguefesta.net.br\/index.php\/wp-json\/wp\/v2\/types\/product"}],"wp:featuredmedia":[{"embeddable":true,"href":"https:\/\/aluguefesta.net.br\/index.php\/wp-json\/wp\/v2\/media\/3064"}],"wp:attachment":[{"href":"https:\/\/aluguefesta.net.br\/index.php\/wp-json\/wp\/v2\/media?parent=3063"}],"curies":[{"name":"wp","href":"https:\/\/api.w.org\/{rel}","templated":true}]}}