{"id":3068,"date":"2025-06-24T22:19:10","date_gmt":"2025-06-25T01:19:10","guid":{"rendered":"https:\/\/aluguefesta.net.br\/?post_type=product&#038;p=3068"},"modified":"2025-06-24T22:23:04","modified_gmt":"2025-06-25T01:23:04","slug":"servico-staff-montagem-auxiliar-de-florista-5h-de-atuacao","status":"publish","type":"product","link":"https:\/\/aluguefesta.net.br\/index.php\/produto\/servico-staff-montagem-auxiliar-de-florista-5h-de-atuacao\/","title":{"rendered":"Servi\u00e7o STAFF MONTAGEM AUXILIAR DE FLORISTA- 5h de atua\u00e7\u00e3o"},"content":{"rendered":"<p>ARRUMA\u00c7\u00c3O DE MESA POSTA<\/p>\n<p>MONTAGEM DE MESA DE DOCES<\/p>\n<p>ORGANIZA\u00c7\u00c3O DO SAL\u00c3O<\/p>\n<p>AUXILIAR DE FLORISTA<\/p>\n<p>(N\u00c3O INCLUI CARREGAR PESOS ACIMA DE 10 QUILOS,SENDO, NESTE CASO SERVI\u00c7O DE MONTADOR E CARREGADOR)<\/p>\n","protected":false},"excerpt":{"rendered":"<p>ARRUMA\u00c7\u00c3O DE MESA POSTA<\/p>\n<p>MONTAGEM DE MESA DE DOCES<\/p>\n<p>ORGANIZA\u00c7\u00c3O DO SAL\u00c3O<\/p>\n<p>AUXILIAR DE FLORISTA<\/p>\n<p>(N\u00c3O INCLUI CARREGAR PESOS ACIMA DE 10 QUILOS,SENDO, NESTE CASO SERVI\u00c7O DE MONTADOR E CARREGADOR)<\/p>\n","protected":false},"featured_media":86,"template":"","meta":[],"_links":{"self":[{"href":"https:\/\/aluguefesta.net.br\/index.php\/wp-json\/wp\/v2\/product\/3068"}],"collection":[{"href":"https:\/\/aluguefesta.net.br\/index.php\/wp-json\/wp\/v2\/product"}],"about":[{"href":"https:\/\/aluguefesta.net.br\/index.php\/wp-json\/wp\/v2\/types\/product"}],"wp:featuredmedia":[{"embeddable":true,"href":"https:\/\/aluguefesta.net.br\/index.php\/wp-json\/wp\/v2\/media\/86"}],"wp:attachment":[{"href":"https:\/\/aluguefesta.net.br\/index.php\/wp-json\/wp\/v2\/media?parent=3068"}],"curies":[{"name":"wp","href":"https:\/\/api.w.org\/{rel}","templated":true}]}}