{"id":307,"date":"2020-07-27T20:04:37","date_gmt":"2020-07-27T23:04:37","guid":{"rendered":"https:\/\/aluguefesta.net.br\/?post_type=product&#038;p=307"},"modified":"2024-12-18T00:59:05","modified_gmt":"2024-12-18T03:59:05","slug":"vaso-aquario-p-o-par","status":"publish","type":"product","link":"https:\/\/aluguefesta.net.br\/index.php\/produto\/vaso-aquario-p-o-par\/","title":{"rendered":"Par de Vasos Aqu\u00e1rio &#8211; P"},"content":{"rendered":"<p>Vaso aqu\u00e1rio P<\/p>\n<p>Ideal para ornamentar com flores ou vela, ideal para casamentos , XV anos e enfeites em geral.<\/p>\n<p>Valor Refere-se \u00e0 loca\u00e7\u00e3o do PAR (2 UNIDADES)<\/p>\n","protected":false},"excerpt":{"rendered":"<p>Vaso aqu\u00e1rio P<\/p>\n<p>Valor Refere-se \u00e0 loca\u00e7\u00e3o do PAR (2 UNIDADES)<\/p>\n","protected":false},"featured_media":309,"template":"","meta":[],"_links":{"self":[{"href":"https:\/\/aluguefesta.net.br\/index.php\/wp-json\/wp\/v2\/product\/307"}],"collection":[{"href":"https:\/\/aluguefesta.net.br\/index.php\/wp-json\/wp\/v2\/product"}],"about":[{"href":"https:\/\/aluguefesta.net.br\/index.php\/wp-json\/wp\/v2\/types\/product"}],"wp:featuredmedia":[{"embeddable":true,"href":"https:\/\/aluguefesta.net.br\/index.php\/wp-json\/wp\/v2\/media\/309"}],"wp:attachment":[{"href":"https:\/\/aluguefesta.net.br\/index.php\/wp-json\/wp\/v2\/media?parent=307"}],"curies":[{"name":"wp","href":"https:\/\/api.w.org\/{rel}","templated":true}]}}