{"id":3199,"date":"2025-09-29T15:19:01","date_gmt":"2025-09-29T18:19:01","guid":{"rendered":"https:\/\/aluguefesta.net.br\/?post_type=product&#038;p=3199"},"modified":"2025-09-29T16:03:42","modified_gmt":"2025-09-29T19:03:42","slug":"colchonete-camping-183-x-60cm","status":"publish","type":"product","link":"https:\/\/aluguefesta.net.br\/index.php\/produto\/colchonete-camping-183-x-60cm\/","title":{"rendered":"Colchonete Camping 1,83 x 60cm"},"content":{"rendered":"<p>Conhe\u00e7a o Smart, colchonete autoinfl\u00e1vel da Guepardo!<\/p>\n<p>Contar com um colchonete autoinfl\u00e1vel de alta qualidade, \u00e9 um diferencial para uma noite de descanso na barraca de camping.<\/p>\n<p>O modelo autoinfl\u00e1vel Smart da Guepardo \u00e9 o item ideal para tornar o seu acampamento e sua aventura ainda mais confort\u00e1veis.<\/p>\n<p>Ele \u00e9 indicado para ser utilizado sob o saco de dormir, funcionando como um isolante t\u00e9rmico e gerando maior conforto para as suas noites de sono no camping.<\/p>\n<p>Possui entrada de ar por v\u00e1lvula, sistema interno com n\u00facleo de espuma de c\u00e9lulas abertas e conta com bot\u00f5es laterais para jun\u00e7\u00e3o com outros colchonetes. Leve e compacto.<\/p>\n<p>Conta com al\u00e7as em nylon que otimizam a sua compacta\u00e7\u00e3o. Acompanha bolsa para transporte e armazenamento.<\/p>\n<p>Para usar e limpar \u00e9 muito f\u00e1cil! Desdobre e infle pra usar. Na hora da limpeza, voc\u00ea s\u00f3 precisa de um pano \u00famido e sab\u00e3o neutro. Quando for guardar novamente, d\u00ea prefer\u00eancia para um local seco e arejado.<\/p>\n<p>Com design moderno \u00e9 produzido em poli\u00e9ster tafet\u00e1 190T com revestimento em PVC e espuma de alta densidade, pesa 1,08 kg, tem medidas: 3 cm (A) x 60 cm (L) x 1,83 m (C).<\/p>\n<p>Possui al\u00e7as em nylon que otimizam a sua compacta\u00e7\u00e3o e acompanha bolsa para transporte e armazenamento.<\/p>\n<p>Se voc\u00ea est\u00e1 procurando um colchonete autoinfl\u00e1vel e confort\u00e1vel, com excelente qualidade para utilizar em barracas, conhe\u00e7a o Smart, da Guepardo.<\/p>\n<p>\u2022 Colchonete autoinfl\u00e1vel de alta densidade<br \/>\n\u2022 Com v\u00e1lvula de enchimento e esvaziamento, v\u00e1lvula de ar de seguran\u00e7a e com inflador embutido<br \/>\n\u2022 Tamanho \u00fanico de solteiro e revestimento em PVC<\/p>\n<p>Informa\u00e7\u00f5es gerais:<br \/>\n\u2022 Material: Poli\u00e9ster tafet\u00e1 190T com revestimento em PVC e espuma de alta densidade<br \/>\n\u2022 Peso: 1,1kg<br \/>\n\u2022 Dimens\u00f5es: 183 x 60 x 3cm<br \/>\n\u2022 Dimens\u00f5es fechado: 25 x 20 x 7cm<\/p>\n","protected":false},"excerpt":{"rendered":"<p>Conhe\u00e7a o Smart, colchonete autoinfl\u00e1vel da Guepardo!<\/p>\n<p>Contar com um colchonete autoinfl\u00e1vel de alta qualidade, \u00e9 um diferencial para uma noite de descanso na barraca de camping.<\/p>\n<p>O modelo autoinfl\u00e1vel Smart da Guepardo \u00e9 o item ideal para tornar o seu acampamento e sua aventura ainda mais confort\u00e1veis.<\/p>\n<p>Ele \u00e9 indicado para ser utilizado sob o saco de dormir, funcionando como um isolante t\u00e9rmico e gerando maior conforto para as suas noites de sono no camping.<\/p>\n<p>Possui entrada de ar por v\u00e1lvula, sistema interno com n\u00facleo de espuma de c\u00e9lulas abertas e conta com bot\u00f5es laterais para jun\u00e7\u00e3o com outros colchonetes. Leve e compacto.<\/p>\n<p>Conta com al\u00e7as em nylon que otimizam a sua compacta\u00e7\u00e3o. Acompanha bolsa para transporte e armazenamento.<\/p>\n<p>Para usar e limpar \u00e9 muito f\u00e1cil! Desdobre e infle pra usar. Na hora da limpeza, voc\u00ea s\u00f3 precisa de um pano \u00famido e sab\u00e3o neutro. Quando for guardar novamente, d\u00ea prefer\u00eancia para um local seco e arejado.<\/p>\n<p>Com design moderno \u00e9 produzido em poli\u00e9ster tafet\u00e1 190T com revestimento em PVC e espuma de alta densidade, pesa 1,08 kg, tem medidas: 3 cm (A) x 60 cm (L) x 1,83 m (C).<\/p>\n<p>Possui al\u00e7as em nylon que otimizam a sua compacta\u00e7\u00e3o e acompanha bolsa para transporte e armazenamento.<\/p>\n<p>Se voc\u00ea est\u00e1 procurando um colchonete autoinfl\u00e1vel e confort\u00e1vel, com excelente qualidade para utilizar em barracas, conhe\u00e7a o Smart, da Guepardo.<\/p>\n<p>\u2022 Colchonete autoinfl\u00e1vel de alta densidade<br \/>\n\u2022 Com v\u00e1lvula de enchimento e esvaziamento, v\u00e1lvula de ar de seguran\u00e7a e com inflador embutido<br \/>\n\u2022 Tamanho \u00fanico de solteiro e revestimento em PVC<\/p>\n<p>Informa\u00e7\u00f5es gerais:<br \/>\n\u2022 Material: Poli\u00e9ster tafet\u00e1 190T com revestimento em PVC e espuma de alta densidade<br \/>\n\u2022 Peso: 1,1kg<br \/>\n\u2022 Dimens\u00f5es: 183 x 60 x 3cm<br \/>\n\u2022 Dimens\u00f5es fechado: 25 x 20 x 7cm<\/p>\n","protected":false},"featured_media":3200,"template":"","meta":[],"_links":{"self":[{"href":"https:\/\/aluguefesta.net.br\/index.php\/wp-json\/wp\/v2\/product\/3199"}],"collection":[{"href":"https:\/\/aluguefesta.net.br\/index.php\/wp-json\/wp\/v2\/product"}],"about":[{"href":"https:\/\/aluguefesta.net.br\/index.php\/wp-json\/wp\/v2\/types\/product"}],"wp:featuredmedia":[{"embeddable":true,"href":"https:\/\/aluguefesta.net.br\/index.php\/wp-json\/wp\/v2\/media\/3200"}],"wp:attachment":[{"href":"https:\/\/aluguefesta.net.br\/index.php\/wp-json\/wp\/v2\/media?parent=3199"}],"curies":[{"name":"wp","href":"https:\/\/api.w.org\/{rel}","templated":true}]}}