{"id":3222,"date":"2025-09-29T16:12:45","date_gmt":"2025-09-29T19:12:45","guid":{"rendered":"https:\/\/aluguefesta.net.br\/?post_type=product&#038;p=3222"},"modified":"2025-09-29T16:21:18","modified_gmt":"2025-09-29T19:21:18","slug":"cadeira-rifle-aspen-caca-pesca-camping-dobravel-camuflada","status":"publish","type":"product","link":"https:\/\/aluguefesta.net.br\/index.php\/produto\/cadeira-rifle-aspen-caca-pesca-camping-dobravel-camuflada\/","title":{"rendered":"Cadeira Rifle Aspen Ca\u00e7a Pesca Camping Dobr\u00e1vel Camuflada"},"content":{"rendered":"<div class=\"ui-pdp-container__row ui-pdp-container__row--highlighted-features-title\">\n<div class=\"ui-pdp-container__row ui-pdp-container__row--highlighted-features-title\">\n<p><strong>Descri\u00e7\u00e3o:<\/strong><\/p>\n<p>Cadeira de Camping dobr\u00e1vel em material 600D Oxford, estrutura em a\u00e7o, revestimento em PVC, costura refor\u00e7ada. Peso suportado: 100 kg. Esse produto \u00e9 submetido a rigorosos testes de suporte de peso. Portanto, o mesmo n\u00e3o deve ser utilizado com pesos acima do suportado ou a quedas bruscas de peso sobre a cama. Medidas: 58x55x53cm.<br \/>\n<strong><br \/>\nEspecifica\u00e7\u00f5es:<br \/>\n<\/strong><\/p>\n<p>Fabricante: Rifle<\/p>\n<p>Modelo: Aspen<\/p>\n<p>Cor: Camuflada Next G1<\/p>\n<p>Medidas: 58x55x53cm<\/p>\n<p>Aplica\u00e7\u00e3o: Camping, Pesca<\/p>\n<p>Material: Arma\u00e7\u00e3o de metal e cama de pano<\/p>\n<\/div>\n<\/div>\n","protected":false},"excerpt":{"rendered":"<div class=\"ui-pdp-container__row ui-pdp-container__row--highlighted-features-title\">\n<div class=\"ui-pdp-container__row ui-pdp-container__row--highlighted-features-title\">\n<p><strong>Descri\u00e7\u00e3o:<\/strong><\/p>\n<p>Cadeira de Camping dobr\u00e1vel em material 600D Oxford, estrutura em a\u00e7o, revestimento em PVC, costura refor\u00e7ada. Peso suportado: 100 kg. Esse produto \u00e9 submetido a rigorosos testes de suporte de peso. Portanto, o mesmo n\u00e3o deve ser utilizado com pesos acima do suportado ou a quedas bruscas de peso sobre a cama. Medidas: 58x55x53cm.<br \/>\n<strong><br \/>\nEspecifica\u00e7\u00f5es:<br \/>\n<\/strong><\/p>\n<p>Fabricante: Rifle<\/p>\n<p>Modelo: Aspen<\/p>\n<p>Cor: Camuflada Next G1<\/p>\n<p>Medidas: 58x55x53cm<\/p>\n<p>Aplica\u00e7\u00e3o: Camping, Pesca<\/p>\n<p>Material: Arma\u00e7\u00e3o de metal e cama de pano<\/p>\n<\/div>\n<\/div>\n","protected":false},"featured_media":3224,"template":"","meta":[],"_links":{"self":[{"href":"https:\/\/aluguefesta.net.br\/index.php\/wp-json\/wp\/v2\/product\/3222"}],"collection":[{"href":"https:\/\/aluguefesta.net.br\/index.php\/wp-json\/wp\/v2\/product"}],"about":[{"href":"https:\/\/aluguefesta.net.br\/index.php\/wp-json\/wp\/v2\/types\/product"}],"wp:featuredmedia":[{"embeddable":true,"href":"https:\/\/aluguefesta.net.br\/index.php\/wp-json\/wp\/v2\/media\/3224"}],"wp:attachment":[{"href":"https:\/\/aluguefesta.net.br\/index.php\/wp-json\/wp\/v2\/media?parent=3222"}],"curies":[{"name":"wp","href":"https:\/\/api.w.org\/{rel}","templated":true}]}}