{"id":3225,"date":"2025-09-29T16:17:13","date_gmt":"2025-09-29T19:17:13","guid":{"rendered":"https:\/\/aluguefesta.net.br\/?post_type=product&#038;p=3225"},"modified":"2026-01-12T23:58:56","modified_gmt":"2026-01-13T02:58:56","slug":"cadeira-de-praia-oversize-obeso-140kg-aluminio-encosto-largo-alto-mor","status":"publish","type":"product","link":"https:\/\/aluguefesta.net.br\/index.php\/produto\/cadeira-de-praia-oversize-obeso-140kg-aluminio-encosto-largo-alto-mor\/","title":{"rendered":"Cadeira de Praia Oversize (obeso) 140kg Alum\u00ednio Encosto Largo Alto Mor"},"content":{"rendered":"<div class=\"ui-pdp-container__row ui-pdp-container__row--highlighted-features-title\">\n<div class=\"ui-pdp-container__row ui-pdp-container__row--highlighted-features-title\">\n<p>Extremamente resistente, a Cadeira Oversize Alum\u00ednio conta com estrutura fabricada pela Mor em alum\u00ednio de excelente qualidade, pe\u00e7as pl\u00e1sticas em polipropileno e tela em 100% poli\u00e9ster com revestimento em pvc.<br \/>\nO alum\u00ednio proporciona mais leveza e durabilidade, mesmo em regi\u00f5es litor\u00e2neas.<br \/>\nSeu assento e encosto s\u00e3o mais largos que as cadeiras convencionais, dessa maneira, ela \u00e9 mais confort\u00e1vel, mais est\u00e1vel e segura, excelente para pessoas mais altas ou com sobrepeso.<br \/>\nPossui estrutura refor\u00e7ada e assento duplo, suportando at\u00e9 140 Kg.<br \/>\nEspecifica\u00e7\u00f5es<br \/>\nMATERIAL<br \/>\nAlum\u00ednio<br \/>\nCAPACIDADE<br \/>\n140 kg<br \/>\n87x65x63 Cent\u00edmetros<br \/>\nPESO<br \/>\n2,76 Kilogramas<\/p>\n<\/div>\n<\/div>\n","protected":false},"excerpt":{"rendered":"<div class=\"ui-pdp-container__row ui-pdp-container__row--highlighted-features-title\">\n<div class=\"ui-pdp-container__row ui-pdp-container__row--highlighted-features-title\">\n<p>Extremamente resistente, a Cadeira Oversize Alum\u00ednio conta com estrutura fabricada pela Mor em alum\u00ednio de excelente qualidade, pe\u00e7as pl\u00e1sticas em polipropileno e tela em 100% poli\u00e9ster com revestimento em pvc.<br \/>\nO alum\u00ednio proporciona mais leveza e durabilidade, mesmo em regi\u00f5es litor\u00e2neas.<br \/>\nSeu assento e encosto s\u00e3o mais largos que as cadeiras convencionais, dessa maneira, ela \u00e9 mais confort\u00e1vel, mais est\u00e1vel e segura, excelente para pessoas mais altas ou com sobrepeso.<br \/>\nPossui estrutura refor\u00e7ada e assento duplo, suportando at\u00e9 140 Kg.<br \/>\nEspecifica\u00e7\u00f5es<br \/>\nMATERIAL<br \/>\nAlum\u00ednio<br \/>\nCAPACIDADE<br \/>\n140 kg<br \/>\n87x65x63 Cent\u00edmetros<br \/>\nPESO<br \/>\n2,76 Kilogramas<\/p>\n<\/div>\n<\/div>\n","protected":false},"featured_media":3226,"template":"","meta":[],"_links":{"self":[{"href":"https:\/\/aluguefesta.net.br\/index.php\/wp-json\/wp\/v2\/product\/3225"}],"collection":[{"href":"https:\/\/aluguefesta.net.br\/index.php\/wp-json\/wp\/v2\/product"}],"about":[{"href":"https:\/\/aluguefesta.net.br\/index.php\/wp-json\/wp\/v2\/types\/product"}],"wp:featuredmedia":[{"embeddable":true,"href":"https:\/\/aluguefesta.net.br\/index.php\/wp-json\/wp\/v2\/media\/3226"}],"wp:attachment":[{"href":"https:\/\/aluguefesta.net.br\/index.php\/wp-json\/wp\/v2\/media?parent=3225"}],"curies":[{"name":"wp","href":"https:\/\/api.w.org\/{rel}","templated":true}]}}