{"id":3273,"date":"2025-10-08T12:18:30","date_gmt":"2025-10-08T15:18:30","guid":{"rendered":"https:\/\/aluguefesta.net.br\/?post_type=product&#038;p=3273"},"modified":"2025-12-19T02:25:10","modified_gmt":"2025-12-19T05:25:10","slug":"taca-p-agua-ou-degustacao-bohemia-elegance-580-ml-cristal-eco","status":"publish","type":"product","link":"https:\/\/aluguefesta.net.br\/index.php\/produto\/taca-p-agua-ou-degustacao-bohemia-elegance-580-ml-cristal-eco\/","title":{"rendered":"Ta\u00e7a de Vinho Classe A Bohemia Elegance 580 ml (CRISTAL ECO)"},"content":{"rendered":"<p><strong>ITEM COM PEDIDO M\u00cdNIMO DE 10 UNIDADES<\/strong><\/p>\n<p>Ta\u00e7a em cristal Titanium Ecologic<\/p>\n<ul class=\"a-unordered-list a-vertical a-spacing-mini\">\n<li class=\"a-spacing-mini\"><span class=\"a-list-item\">Design moderno em formato tulipa, cor transparente, altura de 23,5cm<\/span><\/li>\n<li class=\"a-spacing-mini\"><span class=\"a-list-item\">Ideal para servir vinhos, com di\u00e2metro superior de 7,1cm e base de 8cm<\/span><\/li>\n<li>580 ml = degusta\u00e7\u00e3o ou \u00e1gua<\/li>\n<\/ul>\n","protected":false},"excerpt":{"rendered":"<p><strong>ITEM COM PEDIDO M\u00cdNIMO DE 10 UNIDADES<\/strong><\/p>\n<p>Ta\u00e7a em cristal Titanium Ecologic<\/p>\n<ul class=\"a-unordered-list a-vertical a-spacing-mini\">\n<li class=\"a-spacing-mini\"><span class=\"a-list-item\">Design moderno em formato tulipa, cor transparente, altura de 23,5cm<\/span><\/li>\n<li class=\"a-spacing-mini\"><span class=\"a-list-item\">Ideal para servir vinhos, com di\u00e2metro superior de 7,1cm e base de 8cm<\/span><\/li>\n<li>580 ml = degusta\u00e7\u00e3o ou \u00e1gua<\/li>\n<\/ul>\n","protected":false},"featured_media":3274,"template":"","meta":[],"_links":{"self":[{"href":"https:\/\/aluguefesta.net.br\/index.php\/wp-json\/wp\/v2\/product\/3273"}],"collection":[{"href":"https:\/\/aluguefesta.net.br\/index.php\/wp-json\/wp\/v2\/product"}],"about":[{"href":"https:\/\/aluguefesta.net.br\/index.php\/wp-json\/wp\/v2\/types\/product"}],"wp:featuredmedia":[{"embeddable":true,"href":"https:\/\/aluguefesta.net.br\/index.php\/wp-json\/wp\/v2\/media\/3274"}],"wp:attachment":[{"href":"https:\/\/aluguefesta.net.br\/index.php\/wp-json\/wp\/v2\/media?parent=3273"}],"curies":[{"name":"wp","href":"https:\/\/api.w.org\/{rel}","templated":true}]}}