{"id":3292,"date":"2025-10-14T11:40:16","date_gmt":"2025-10-14T14:40:16","guid":{"rendered":"https:\/\/aluguefesta.net.br\/?post_type=product&#038;p=3292"},"modified":"2025-10-14T11:50:31","modified_gmt":"2025-10-14T14:50:31","slug":"gelo-gel-300ml","status":"publish","type":"product","link":"https:\/\/aluguefesta.net.br\/index.php\/produto\/gelo-gel-300ml\/","title":{"rendered":"GELO GEL &#8211; 300ML"},"content":{"rendered":"<p><strong>Vantagens com o uso do Tech Gel:<\/strong><\/p>\n<ul>\n<li>At\u00f3xico e inodoro.<\/li>\n<li><strong>Gelo Reutiliz\u00e1vel.<\/strong><\/li>\n<li>Praticidade e facilidade no manuseio.<\/li>\n<li>Embalagem r\u00edgida resistente a impactos.<\/li>\n<li>Embalagem recicl\u00e1vel.<\/li>\n<li>Performance t\u00e9rmica de alto desempenho.<\/li>\n<li>Baixo custo.<\/li>\n<\/ul>\n<p>Dicas para a utiliza\u00e7\u00e3o correta do\u00a0<strong>gelo Tech Gel:<\/strong><\/p>\n<ul>\n<li>Os\u00a0<strong>gelos<\/strong>\u00a0n\u00e3o devem ficar em contato direto com as paredes internas do freezer para n\u00e3o bloquear a circula\u00e7\u00e3o do ar e otimizar tempo de congelamento.<\/li>\n<li>Para atingir a condi\u00e7\u00e3o ideal de uso o produto dever\u00e1 ser mantido por pelo menos 72 horas a temperatura de -15 a -25\u00b0C.<\/li>\n<li>Evite deixar a porta do freezer aberta, com isso, evita-se a forma\u00e7\u00e3o de<strong>\u00a0gelo<\/strong>\u00a0no seu interior e reduz gastos com energia el\u00e9trica.<\/li>\n<li>O termostato do freezer deve estar direcionado para a posi\u00e7\u00e3o \u2018freezer\u2019 para o equipamento trabalhar na faixa de temperatura necess\u00e1ria entre -15 a -25\u00b0C.<\/li>\n<li>N\u00e3o utilizar o\u00a0<strong>gelo<\/strong>\u00a0sem congelamento e sem que esteja apto para uso conforme citado acima.<\/li>\n<li>N\u00e3o utilizar o\u00a0<strong>gelo<\/strong>\u00a0apenas sob refrigera\u00e7\u00e3o (geladeira).<\/li>\n<\/ul>\n","protected":false},"excerpt":{"rendered":"<p><strong>Vantagens com o uso do Tech Gel:<\/strong><\/p>\n<ul>\n<li>At\u00f3xico e inodoro.<\/li>\n<li><strong>Gelo Reutiliz\u00e1vel.<\/strong><\/li>\n<li>Praticidade e facilidade no manuseio.<\/li>\n<li>Embalagem r\u00edgida resistente a impactos.<\/li>\n<li>Embalagem recicl\u00e1vel.<\/li>\n<li>Performance t\u00e9rmica de alto desempenho.<\/li>\n<li>Baixo custo.<\/li>\n<\/ul>\n<p>Dicas para a utiliza\u00e7\u00e3o correta do\u00a0<strong>gelo Tech Gel:<\/strong><\/p>\n<ul>\n<li>Os\u00a0<strong>gelos<\/strong>\u00a0n\u00e3o devem ficar em contato direto com as paredes internas do freezer para n\u00e3o bloquear a circula\u00e7\u00e3o do ar e otimizar tempo de congelamento.<\/li>\n<li>Para atingir a condi\u00e7\u00e3o ideal de uso o produto dever\u00e1 ser mantido por pelo menos 72 horas a temperatura de -15 a -25\u00b0C.<\/li>\n<li>Evite deixar a porta do freezer aberta, com isso, evita-se a forma\u00e7\u00e3o de<strong>\u00a0gelo<\/strong>\u00a0no seu interior e reduz gastos com energia el\u00e9trica.<\/li>\n<li>O termostato do freezer deve estar direcionado para a posi\u00e7\u00e3o \u2018freezer\u2019 para o equipamento trabalhar na faixa de temperatura necess\u00e1ria entre -15 a -25\u00b0C.<\/li>\n<li>N\u00e3o utilizar o\u00a0<strong>gelo<\/strong>\u00a0sem congelamento e sem que esteja apto para uso conforme citado acima.<\/li>\n<li>N\u00e3o utilizar o\u00a0<strong>gelo<\/strong>\u00a0apenas sob refrigera\u00e7\u00e3o (geladeira).<\/li>\n<\/ul>\n","protected":false},"featured_media":3294,"template":"","meta":[],"_links":{"self":[{"href":"https:\/\/aluguefesta.net.br\/index.php\/wp-json\/wp\/v2\/product\/3292"}],"collection":[{"href":"https:\/\/aluguefesta.net.br\/index.php\/wp-json\/wp\/v2\/product"}],"about":[{"href":"https:\/\/aluguefesta.net.br\/index.php\/wp-json\/wp\/v2\/types\/product"}],"wp:featuredmedia":[{"embeddable":true,"href":"https:\/\/aluguefesta.net.br\/index.php\/wp-json\/wp\/v2\/media\/3294"}],"wp:attachment":[{"href":"https:\/\/aluguefesta.net.br\/index.php\/wp-json\/wp\/v2\/media?parent=3292"}],"curies":[{"name":"wp","href":"https:\/\/api.w.org\/{rel}","templated":true}]}}