{"id":3321,"date":"2025-10-18T13:06:40","date_gmt":"2025-10-18T16:06:40","guid":{"rendered":"https:\/\/aluguefesta.net.br\/?post_type=product&#038;p=3321"},"modified":"2026-01-28T14:18:02","modified_gmt":"2026-01-28T17:18:02","slug":"taca-champanhe-espumante-prosecco-frisante-180-ml-copia","status":"publish","type":"product","link":"https:\/\/aluguefesta.net.br\/index.php\/produto\/taca-champanhe-espumante-prosecco-frisante-180-ml-copia\/","title":{"rendered":"Ta\u00e7a Slim Epumante Prosecco Champanhe Frisante 186ml"},"content":{"rendered":"<p>Esta ta\u00e7a \u00e9 ideal para saborear um bom champagne com bom gosto e qualidade. \u00c9 fabricada com vidro de alta qualidade, que oferece maior durabilidade e resist\u00eancia. Bel\u00edssimo jogo de ta\u00e7as para voc\u00ea servir um bom pr\u00f3-seco e brindar com requinte e eleg\u00e2ncia.<\/p>\n<p><strong>DIMENS\u00d5ES DO PRODUTO<\/strong><br \/>\nAltura: 19,6 cm<br \/>\nLargura: 4,3 cm<br \/>\nProfundidade: 4,3 cm<br \/>\nPeso aproximado: 150 g<\/p>\n","protected":false},"excerpt":{"rendered":"<p>Esta ta\u00e7a \u00e9 ideal para saborear um bom champagne com bom gosto e qualidade. \u00c9 fabricada com vidro de alta qualidade, que oferece maior durabilidade e resist\u00eancia. Bel\u00edssimo jogo de ta\u00e7as para voc\u00ea servir um bom pr\u00f3-seco e brindar com requinte e eleg\u00e2ncia.<\/p>\n<p><strong>DIMENS\u00d5ES DO PRODUTO<\/strong><br \/>\nAltura: 19,6 cm<br \/>\nLargura: 4,3 cm<br \/>\nProfundidade: 4,3 cm<br \/>\nPeso aproximado: 150 g<\/p>\n","protected":false},"featured_media":3324,"template":"","meta":[],"_links":{"self":[{"href":"https:\/\/aluguefesta.net.br\/index.php\/wp-json\/wp\/v2\/product\/3321"}],"collection":[{"href":"https:\/\/aluguefesta.net.br\/index.php\/wp-json\/wp\/v2\/product"}],"about":[{"href":"https:\/\/aluguefesta.net.br\/index.php\/wp-json\/wp\/v2\/types\/product"}],"wp:featuredmedia":[{"embeddable":true,"href":"https:\/\/aluguefesta.net.br\/index.php\/wp-json\/wp\/v2\/media\/3324"}],"wp:attachment":[{"href":"https:\/\/aluguefesta.net.br\/index.php\/wp-json\/wp\/v2\/media?parent=3321"}],"curies":[{"name":"wp","href":"https:\/\/api.w.org\/{rel}","templated":true}]}}