{"id":3349,"date":"2025-10-22T16:40:56","date_gmt":"2025-10-22T19:40:56","guid":{"rendered":"https:\/\/aluguefesta.net.br\/?post_type=product&#038;p=3349"},"modified":"2025-12-18T14:01:57","modified_gmt":"2025-12-18T17:01:57","slug":"suqueira-de-vidro-45-litros-chic-acrilica","status":"publish","type":"product","link":"https:\/\/aluguefesta.net.br\/index.php\/produto\/suqueira-de-vidro-45-litros-chic-acrilica\/","title":{"rendered":"Suqueira 4,5 litros. Chic (acrilica)"},"content":{"rendered":"<p>Suqueira com p\u00e9 em acr\u00edlico Chic 4,5 L<\/p>\n<p>Linda suqueira , ideal para mesa de \u00e1gua saborizada e decora\u00e7\u00e3o.<\/p>\n<p>Capacidade: 4,5 Litros<\/p>\n<p>Medidas aproximadas<br \/>\nAltura: 45cm<br \/>\nLargura: 17,5 cm<\/p>\n","protected":false},"excerpt":{"rendered":"<p>Suqueira com p\u00e9 em acr\u00edlico Chic 4,5 L<\/p>\n<p>Linda suqueira , ideal para mesa de \u00e1gua saborizada e decora\u00e7\u00e3o.<\/p>\n<p>Capacidade: 4,5 Litros<\/p>\n<p>Medidas aproximadas<br \/>\nAltura: 45cm<br \/>\nLargura: 17,5 cm<\/p>\n","protected":false},"featured_media":3350,"template":"","meta":[],"_links":{"self":[{"href":"https:\/\/aluguefesta.net.br\/index.php\/wp-json\/wp\/v2\/product\/3349"}],"collection":[{"href":"https:\/\/aluguefesta.net.br\/index.php\/wp-json\/wp\/v2\/product"}],"about":[{"href":"https:\/\/aluguefesta.net.br\/index.php\/wp-json\/wp\/v2\/types\/product"}],"wp:featuredmedia":[{"embeddable":true,"href":"https:\/\/aluguefesta.net.br\/index.php\/wp-json\/wp\/v2\/media\/3350"}],"wp:attachment":[{"href":"https:\/\/aluguefesta.net.br\/index.php\/wp-json\/wp\/v2\/media?parent=3349"}],"curies":[{"name":"wp","href":"https:\/\/api.w.org\/{rel}","templated":true}]}}