{"id":3373,"date":"2025-10-28T01:56:08","date_gmt":"2025-10-28T04:56:08","guid":{"rendered":"https:\/\/aluguefesta.net.br\/?post_type=product&#038;p=3373"},"modified":"2026-01-14T14:17:43","modified_gmt":"2026-01-14T17:17:43","slug":"taca-lia-vinho-branco-rose-drink-degustacao-agua-suco-250ml","status":"publish","type":"product","link":"https:\/\/aluguefesta.net.br\/index.php\/produto\/taca-lia-vinho-branco-rose-drink-degustacao-agua-suco-250ml\/","title":{"rendered":"Ta\u00e7a Lia vinho branco &#8211; Ros\u00e9 &#8211; Drink &#8211; degusta\u00e7\u00e3o &#8211; Agua &#8211; suco &#8211;  250ml"},"content":{"rendered":"<ul class=\"KsbFXc U6u95\" data-complete=\"true\" data-processed=\"true\">\n<li data-hveid=\"CAUQAA\" data-complete=\"true\" data-sae=\"\"><span class=\"T286Pc\" data-sfc-cp=\"\" data-complete=\"true\"><strong class=\"Yjhzub\" data-complete=\"true\">Altura:<\/strong> 16 cm<\/span><\/li>\n<li data-hveid=\"CAUQAQ\" data-complete=\"true\" data-sae=\"\"><span class=\"T286Pc\" data-sfc-cp=\"\" data-complete=\"true\"><strong class=\"Yjhzub\" data-complete=\"true\">Largura:<\/strong> 7\u00a0cm<\/span><\/li>\n<li data-hveid=\"CAUQAg\" data-complete=\"true\" data-sae=\"\"><span class=\"T286Pc\" data-sfc-cp=\"\" data-complete=\"true\"><strong class=\"Yjhzub\" data-complete=\"true\">Profundidade:<\/strong>\u00a07,5 cm<\/span><span class=\"uJ19be notranslate\" data-wiz-uids=\"boA0pe_1e,boA0pe_1f\" data-complete=\"true\"><span class=\"vKEkVd\" data-animation-atomic=\"\" data-sae=\"\">\u00a0<\/span><\/span><\/li>\n<li data-hveid=\"CAUQAg\" data-complete=\"true\" data-sae=\"\">A Ta\u00e7a Lia \u00e9 um modelo de ta\u00e7a de vidro, delicado para uso em mesas postas e para servir bebidas como \u00e1gua, suco e refrigerante : Seu uso pode ser tamb\u00e9m com vinho branco, ros\u00e9 frisante e ou espumante<span class=\"T286Pc\" data-sfc-cp=\"\" data-complete=\"true\" data-processed=\"true\">.<\/span><\/li>\n<\/ul>\n","protected":false},"excerpt":{"rendered":"<ul class=\"KsbFXc U6u95\" data-complete=\"true\" data-processed=\"true\">\n<li data-hveid=\"CAUQAA\" data-complete=\"true\" data-sae=\"\"><span class=\"T286Pc\" data-sfc-cp=\"\" data-complete=\"true\"><strong class=\"Yjhzub\" data-complete=\"true\">Altura:<\/strong>\u00a019 cm<\/span><\/li>\n<li data-hveid=\"CAUQAQ\" data-complete=\"true\" data-sae=\"\"><span class=\"T286Pc\" data-sfc-cp=\"\" data-complete=\"true\"><strong class=\"Yjhzub\" data-complete=\"true\">Largura:<\/strong>\u00a07,5 cm<\/span><\/li>\n<li data-hveid=\"CAUQAg\" data-complete=\"true\" data-sae=\"\"><span class=\"T286Pc\" data-sfc-cp=\"\" data-complete=\"true\"><strong class=\"Yjhzub\" data-complete=\"true\">Profundidade:<\/strong>\u00a07,5 cm<\/span><span class=\"uJ19be notranslate\" data-wiz-uids=\"boA0pe_1e,boA0pe_1f\" data-complete=\"true\"><span class=\"vKEkVd\" data-animation-atomic=\"\" data-sae=\"\">\u00a0<\/span><\/span><\/li>\n<li data-hveid=\"CAUQAg\" data-complete=\"true\" data-sae=\"\">A Ta\u00e7a Versatile \u00e9 um modelo de ta\u00e7a de vidro, popular para uso em mesas postas e para servir bebidas como \u00e1gua, suco e refrigerante e mais : Seu uso pode ser tamb\u00e9m com vinho branco, ros\u00e9 frisante e ou espumante<span class=\"T286Pc\" data-sfc-cp=\"\" data-complete=\"true\" data-processed=\"true\">.<\/span><\/li>\n<\/ul>\n","protected":false},"featured_media":3375,"template":"","meta":[],"_links":{"self":[{"href":"https:\/\/aluguefesta.net.br\/index.php\/wp-json\/wp\/v2\/product\/3373"}],"collection":[{"href":"https:\/\/aluguefesta.net.br\/index.php\/wp-json\/wp\/v2\/product"}],"about":[{"href":"https:\/\/aluguefesta.net.br\/index.php\/wp-json\/wp\/v2\/types\/product"}],"wp:featuredmedia":[{"embeddable":true,"href":"https:\/\/aluguefesta.net.br\/index.php\/wp-json\/wp\/v2\/media\/3375"}],"wp:attachment":[{"href":"https:\/\/aluguefesta.net.br\/index.php\/wp-json\/wp\/v2\/media?parent=3373"}],"curies":[{"name":"wp","href":"https:\/\/api.w.org\/{rel}","templated":true}]}}