{"id":3405,"date":"2025-10-28T22:07:20","date_gmt":"2025-10-29T01:07:20","guid":{"rendered":"https:\/\/aluguefesta.net.br\/?post_type=product&#038;p=3405"},"modified":"2025-10-29T02:10:27","modified_gmt":"2025-10-29T05:10:27","slug":"suporte-ferro-painel-tema-roblox-150m-regulavel-painel","status":"publish","type":"product","link":"https:\/\/aluguefesta.net.br\/index.php\/produto\/suporte-ferro-painel-tema-roblox-150m-regulavel-painel\/","title":{"rendered":"Suporte ferro + PAINEL TEMA FLAMENGO 2X1,40m regul\u00e1vel Painel"},"content":{"rendered":"<p>Suporte de ferro Desmotavel ,esse item vai transform\u00e1 a decora\u00e7\u00e3o de sua festa.<br \/>\nPerfeito para anivers\u00e1rio casamento e batizado com sua estrutura desmont\u00e1vel, facil de montar e desmontar, dividido em 5 partes, tornando a prepara\u00e7\u00e3o de sua festa muito mais rapida e facil.<br \/>\nSuporte redondo dourado<br \/>\nAltura 3 metros REGULAVEL<br \/>\nLARGURA 3 METROS REGULAVEL<br \/>\nDesmotavel<\/p>\n<p>PAINEL RETANGULAR LONA PVC 2X1,40M<\/p>\n<p>Aten\u00e7\u00e3o : decora\u00e7\u00e3o nao inclusa no valor : item inclui somente o suporte + painel sublimado<\/p>\n","protected":false},"excerpt":{"rendered":"<p>Suporte de ferro Desmotavel ,esse item vai transform\u00e1 a decora\u00e7\u00e3o de sua festa.<br \/>\nPerfeito para anivers\u00e1rio casamento e batizado com sua estrutura desmont\u00e1vel, facil de montar e desmontar, dividido em 5 partes, tornando a prepara\u00e7\u00e3o de sua festa muito mais rapida e facil.<br \/>\nSuporte redondo dourado<br \/>\nAltura 3 metros REGULAVEL<br \/>\nLARGURA 3 METROS REGULAVEL<br \/>\nDesmotavel<\/p>\n<p>PAINEL RETANGULAR LONA PVC 2X1,40M<\/p>\n<p>Aten\u00e7\u00e3o : decora\u00e7\u00e3o nao inclusa no valor : item inclui somente o suporte + painel sublimado<\/p>\n","protected":false},"featured_media":3408,"template":"","meta":[],"_links":{"self":[{"href":"https:\/\/aluguefesta.net.br\/index.php\/wp-json\/wp\/v2\/product\/3405"}],"collection":[{"href":"https:\/\/aluguefesta.net.br\/index.php\/wp-json\/wp\/v2\/product"}],"about":[{"href":"https:\/\/aluguefesta.net.br\/index.php\/wp-json\/wp\/v2\/types\/product"}],"wp:featuredmedia":[{"embeddable":true,"href":"https:\/\/aluguefesta.net.br\/index.php\/wp-json\/wp\/v2\/media\/3408"}],"wp:attachment":[{"href":"https:\/\/aluguefesta.net.br\/index.php\/wp-json\/wp\/v2\/media?parent=3405"}],"curies":[{"name":"wp","href":"https:\/\/api.w.org\/{rel}","templated":true}]}}