{"id":3457,"date":"2025-10-30T03:45:11","date_gmt":"2025-10-30T06:45:11","guid":{"rendered":"https:\/\/aluguefesta.net.br\/?post_type=product&#038;p=3457"},"modified":"2025-10-30T03:47:11","modified_gmt":"2025-10-30T06:47:11","slug":"prato-de-bolo-ou-doce-com-pe-quadrado-p-dourado-gold","status":"publish","type":"product","link":"https:\/\/aluguefesta.net.br\/index.php\/produto\/prato-de-bolo-ou-doce-com-pe-quadrado-p-dourado-gold\/","title":{"rendered":"Prato de Bolo ou Doce com p\u00e9 &#8211; quadrado P &#8211; Dourado &#8211; Gold"},"content":{"rendered":"<p>Linda Pe\u00e7a de cer\u00e2mica Dourada<\/p>\n<p>Pode ser usada como porta-doces , suporte de bem casados, prato de bolo<\/p>\n<p>Medidas : prato 15cm x 15cm , 12 de altura<\/p>\n<p>*Pe\u00e7a Exclusiva<\/p>\n","protected":false},"excerpt":{"rendered":"<p>Linda Pe\u00e7a de cer\u00e2mica Dourada<\/p>\n<p>Pode ser usada como porta-doces , suporte de bem casados, prato de bolo<\/p>\n<p>Medidas : prato 15cm x 15cm , 12 de altura<\/p>\n<p>*Pe\u00e7a Exclusiva<\/p>\n","protected":false},"featured_media":3459,"template":"","meta":[],"_links":{"self":[{"href":"https:\/\/aluguefesta.net.br\/index.php\/wp-json\/wp\/v2\/product\/3457"}],"collection":[{"href":"https:\/\/aluguefesta.net.br\/index.php\/wp-json\/wp\/v2\/product"}],"about":[{"href":"https:\/\/aluguefesta.net.br\/index.php\/wp-json\/wp\/v2\/types\/product"}],"wp:featuredmedia":[{"embeddable":true,"href":"https:\/\/aluguefesta.net.br\/index.php\/wp-json\/wp\/v2\/media\/3459"}],"wp:attachment":[{"href":"https:\/\/aluguefesta.net.br\/index.php\/wp-json\/wp\/v2\/media?parent=3457"}],"curies":[{"name":"wp","href":"https:\/\/api.w.org\/{rel}","templated":true}]}}