{"id":3465,"date":"2025-10-30T03:53:09","date_gmt":"2025-10-30T06:53:09","guid":{"rendered":"https:\/\/aluguefesta.net.br\/?post_type=product&#038;p=3465"},"modified":"2025-10-30T03:54:47","modified_gmt":"2025-10-30T06:54:47","slug":"prato-bolo-ou-doce-com-pe-trelica-baixo-m-dourado-gold","status":"publish","type":"product","link":"https:\/\/aluguefesta.net.br\/index.php\/produto\/prato-bolo-ou-doce-com-pe-trelica-baixo-m-dourado-gold\/","title":{"rendered":"Prato Bolo ou Doce com p\u00e9 &#8211; Treli\u00e7a baixo M &#8211; Dourado &#8211; Gold"},"content":{"rendered":"<p>Linda Pe\u00e7a de Porcelana Dourada<\/p>\n<p>Pode ser usada como porta-doces , suporte de bem casados, prato de bolo<\/p>\n<p>Medidas : prato 20cm, 5cm de altura<\/p>\n<p>&nbsp;<\/p>\n","protected":false},"excerpt":{"rendered":"<p>Linda Pe\u00e7a de Porcelana Dourada<\/p>\n<p>Pode ser usada como porta-doces , suporte de bem casados, prato de bolo<\/p>\n<p>Medidas : prato 20cm, 5cm de altura<\/p>\n","protected":false},"featured_media":3461,"template":"","meta":[],"_links":{"self":[{"href":"https:\/\/aluguefesta.net.br\/index.php\/wp-json\/wp\/v2\/product\/3465"}],"collection":[{"href":"https:\/\/aluguefesta.net.br\/index.php\/wp-json\/wp\/v2\/product"}],"about":[{"href":"https:\/\/aluguefesta.net.br\/index.php\/wp-json\/wp\/v2\/types\/product"}],"wp:featuredmedia":[{"embeddable":true,"href":"https:\/\/aluguefesta.net.br\/index.php\/wp-json\/wp\/v2\/media\/3461"}],"wp:attachment":[{"href":"https:\/\/aluguefesta.net.br\/index.php\/wp-json\/wp\/v2\/media?parent=3465"}],"curies":[{"name":"wp","href":"https:\/\/api.w.org\/{rel}","templated":true}]}}