{"id":3466,"date":"2025-10-30T03:55:22","date_gmt":"2025-10-30T06:55:22","guid":{"rendered":"https:\/\/aluguefesta.net.br\/?post_type=product&#038;p=3466"},"modified":"2025-10-30T03:57:48","modified_gmt":"2025-10-30T06:57:48","slug":"garrafa-provence-c-alca-500ml","status":"publish","type":"product","link":"https:\/\/aluguefesta.net.br\/index.php\/produto\/garrafa-provence-c-alca-500ml\/","title":{"rendered":"Garrafa Provence c\/ al\u00e7a 500ml"},"content":{"rendered":"<p>Ideal para decora\u00e7\u00e3o, para colocar na mesa convidados, para casamento , XV anos e decora\u00e7\u00f5es em geral.<\/p>\n<p>em vidro<\/p>\n<p>&nbsp;<\/p>\n","protected":false},"excerpt":{"rendered":"<p>Ideal para decora\u00e7\u00e3o, para colocar na mesa convidados, para casamento , XV anos e decora\u00e7\u00f5es em geral.<\/p>\n<p>em vidro<\/p>\n<p>&nbsp;<\/p>\n","protected":false},"featured_media":3468,"template":"","meta":[],"_links":{"self":[{"href":"https:\/\/aluguefesta.net.br\/index.php\/wp-json\/wp\/v2\/product\/3466"}],"collection":[{"href":"https:\/\/aluguefesta.net.br\/index.php\/wp-json\/wp\/v2\/product"}],"about":[{"href":"https:\/\/aluguefesta.net.br\/index.php\/wp-json\/wp\/v2\/types\/product"}],"wp:featuredmedia":[{"embeddable":true,"href":"https:\/\/aluguefesta.net.br\/index.php\/wp-json\/wp\/v2\/media\/3468"}],"wp:attachment":[{"href":"https:\/\/aluguefesta.net.br\/index.php\/wp-json\/wp\/v2\/media?parent=3466"}],"curies":[{"name":"wp","href":"https:\/\/api.w.org\/{rel}","templated":true}]}}