{"id":3469,"date":"2025-10-30T03:58:04","date_gmt":"2025-10-30T06:58:04","guid":{"rendered":"https:\/\/aluguefesta.net.br\/?post_type=product&#038;p=3469"},"modified":"2025-10-30T04:00:45","modified_gmt":"2025-10-30T07:00:45","slug":"potinho-vasinho-em-vidro-200ml","status":"publish","type":"product","link":"https:\/\/aluguefesta.net.br\/index.php\/produto\/potinho-vasinho-em-vidro-200ml\/","title":{"rendered":"Potinho Vasinho em vidro 200ml"},"content":{"rendered":"<p>Ideal para decora\u00e7\u00e3o, para colocar na mesa convidados, para casamento , XV anos e decora\u00e7\u00f5es em geral.<\/p>\n<p>em vidro<\/p>\n<p>&nbsp;<\/p>\n","protected":false},"excerpt":{"rendered":"<p>Ideal para decora\u00e7\u00e3o, para colocar na mesa convidados, para casamento , XV anos e decora\u00e7\u00f5es em geral.<\/p>\n<p>em vidro<\/p>\n<p>&nbsp;<\/p>\n","protected":false},"featured_media":3470,"template":"","meta":[],"_links":{"self":[{"href":"https:\/\/aluguefesta.net.br\/index.php\/wp-json\/wp\/v2\/product\/3469"}],"collection":[{"href":"https:\/\/aluguefesta.net.br\/index.php\/wp-json\/wp\/v2\/product"}],"about":[{"href":"https:\/\/aluguefesta.net.br\/index.php\/wp-json\/wp\/v2\/types\/product"}],"wp:featuredmedia":[{"embeddable":true,"href":"https:\/\/aluguefesta.net.br\/index.php\/wp-json\/wp\/v2\/media\/3470"}],"wp:attachment":[{"href":"https:\/\/aluguefesta.net.br\/index.php\/wp-json\/wp\/v2\/media?parent=3469"}],"curies":[{"name":"wp","href":"https:\/\/api.w.org\/{rel}","templated":true}]}}