{"id":3478,"date":"2025-10-30T04:03:32","date_gmt":"2025-10-30T07:03:32","guid":{"rendered":"https:\/\/aluguefesta.net.br\/?post_type=product&#038;p=3478"},"modified":"2025-10-30T04:04:17","modified_gmt":"2025-10-30T07:04:17","slug":"vaso-provence-c-500ml","status":"publish","type":"product","link":"https:\/\/aluguefesta.net.br\/index.php\/produto\/vaso-provence-c-500ml\/","title":{"rendered":"Vaso Provence c\/ 500ml"},"content":{"rendered":"<p>Ideal para decora\u00e7\u00e3o, para colocar na mesa convidados, para casamento , XV anos e decora\u00e7\u00f5es em geral.<\/p>\n<p>em vidro<\/p>\n<p>&nbsp;<\/p>\n","protected":false},"excerpt":{"rendered":"<p>Ideal para decora\u00e7\u00e3o, para colocar na mesa convidados, para casamento , XV anos e decora\u00e7\u00f5es em geral.<\/p>\n<p>em vidro<\/p>\n<p>&nbsp;<\/p>\n","protected":false},"featured_media":3475,"template":"","meta":[],"_links":{"self":[{"href":"https:\/\/aluguefesta.net.br\/index.php\/wp-json\/wp\/v2\/product\/3478"}],"collection":[{"href":"https:\/\/aluguefesta.net.br\/index.php\/wp-json\/wp\/v2\/product"}],"about":[{"href":"https:\/\/aluguefesta.net.br\/index.php\/wp-json\/wp\/v2\/types\/product"}],"wp:featuredmedia":[{"embeddable":true,"href":"https:\/\/aluguefesta.net.br\/index.php\/wp-json\/wp\/v2\/media\/3475"}],"wp:attachment":[{"href":"https:\/\/aluguefesta.net.br\/index.php\/wp-json\/wp\/v2\/media?parent=3478"}],"curies":[{"name":"wp","href":"https:\/\/api.w.org\/{rel}","templated":true}]}}