{"id":3479,"date":"2025-10-30T04:04:29","date_gmt":"2025-10-30T07:04:29","guid":{"rendered":"https:\/\/aluguefesta.net.br\/?post_type=product&#038;p=3479"},"modified":"2025-10-30T04:05:23","modified_gmt":"2025-10-30T07:05:23","slug":"vaso-pote-save-c-600ml","status":"publish","type":"product","link":"https:\/\/aluguefesta.net.br\/index.php\/produto\/vaso-pote-save-c-600ml\/","title":{"rendered":"Vaso Pote Save c\/ 600ml"},"content":{"rendered":"<p>Ideal para decora\u00e7\u00e3o, para colocar na mesa convidados, para casamento , XV anos e decora\u00e7\u00f5es em geral.<\/p>\n<p>em vidro<\/p>\n<p>&nbsp;<\/p>\n","protected":false},"excerpt":{"rendered":"<p>Ideal para decora\u00e7\u00e3o, para colocar na mesa convidados, para casamento , XV anos e decora\u00e7\u00f5es em geral.<\/p>\n<p>em vidro<\/p>\n<p>&nbsp;<\/p>\n","protected":false},"featured_media":3472,"template":"","meta":[],"_links":{"self":[{"href":"https:\/\/aluguefesta.net.br\/index.php\/wp-json\/wp\/v2\/product\/3479"}],"collection":[{"href":"https:\/\/aluguefesta.net.br\/index.php\/wp-json\/wp\/v2\/product"}],"about":[{"href":"https:\/\/aluguefesta.net.br\/index.php\/wp-json\/wp\/v2\/types\/product"}],"wp:featuredmedia":[{"embeddable":true,"href":"https:\/\/aluguefesta.net.br\/index.php\/wp-json\/wp\/v2\/media\/3472"}],"wp:attachment":[{"href":"https:\/\/aluguefesta.net.br\/index.php\/wp-json\/wp\/v2\/media?parent=3479"}],"curies":[{"name":"wp","href":"https:\/\/api.w.org\/{rel}","templated":true}]}}