{"id":3581,"date":"2025-11-01T12:11:07","date_gmt":"2025-11-01T15:11:07","guid":{"rendered":"https:\/\/aluguefesta.net.br\/?post_type=product&#038;p=3581"},"modified":"2025-11-06T23:56:54","modified_gmt":"2025-11-07T02:56:54","slug":"kit-3-pecas-lindo-prato-de-mesa-faca-de-mesa-garfo-de-mesa","status":"publish","type":"product","link":"https:\/\/aluguefesta.net.br\/index.php\/produto\/kit-3-pecas-lindo-prato-de-mesa-faca-de-mesa-garfo-de-mesa\/","title":{"rendered":"KIT 3 PE\u00c7AS : Prato de mesa + Faca de mesa LINHA 2 + Garfo de mesa LINHA 2"},"content":{"rendered":"<p>KIT 03 PE\u00c7AS REFEI\u00c7\u00c3O<\/p>\n<p>Prato Raso de mesa LINHA CRISTAL LUXO<\/p>\n<p>Garfo de mesa Inox LINHA 2<\/p>\n<p>Faca de mesa Inox LINHA 2<\/p>\n<p>Ideal para :\u00a0 : almo\u00e7o\/jantar\/churrasco<\/p>\n","protected":false},"excerpt":{"rendered":"<p>Prato Raso de mesa LINHA CRISTAL LUXO<\/p>\n<p>Garfo de mesa Inox LINHA 2<\/p>\n<p>Faca de mesa Inox LINHA 2<\/p>\n<p>Ideal para :\u00a0 : almo\u00e7o\/jantar\/churrasco<\/p>\n<p>&nbsp;<\/p>\n","protected":false},"featured_media":3582,"template":"","meta":[],"_links":{"self":[{"href":"https:\/\/aluguefesta.net.br\/index.php\/wp-json\/wp\/v2\/product\/3581"}],"collection":[{"href":"https:\/\/aluguefesta.net.br\/index.php\/wp-json\/wp\/v2\/product"}],"about":[{"href":"https:\/\/aluguefesta.net.br\/index.php\/wp-json\/wp\/v2\/types\/product"}],"wp:featuredmedia":[{"embeddable":true,"href":"https:\/\/aluguefesta.net.br\/index.php\/wp-json\/wp\/v2\/media\/3582"}],"wp:attachment":[{"href":"https:\/\/aluguefesta.net.br\/index.php\/wp-json\/wp\/v2\/media?parent=3581"}],"curies":[{"name":"wp","href":"https:\/\/api.w.org\/{rel}","templated":true}]}}