{"id":3599,"date":"2025-11-03T22:50:37","date_gmt":"2025-11-04T01:50:37","guid":{"rendered":"https:\/\/aluguefesta.net.br\/?post_type=product&#038;p=3599"},"modified":"2025-12-16T02:11:08","modified_gmt":"2025-12-16T05:11:08","slug":"bandeja-suporte-p-frios-e-canapes-retangular-em-vidro-com-pes-p","status":"publish","type":"product","link":"https:\/\/aluguefesta.net.br\/index.php\/produto\/bandeja-suporte-p-frios-e-canapes-retangular-em-vidro-com-pes-p\/","title":{"rendered":"Bandeja Suporte p\/ frios e canap\u00e9s retangular em Vidro com p\u00e9s  P"},"content":{"rendered":"<p>Bandeja Suporte Retangulat em Vidro com p\u00e9s P<\/p>\n<p>tam 25&#215;10 cm<\/p>\n<p>acompanha 2 p\u00e9s de 4x4cm<\/p>\n","protected":false},"excerpt":{"rendered":"<p>Bandeja Suporte Retangulat em Vidro com p\u00e9s P<\/p>\n<p>tam 25&#215;10 cm<\/p>\n<p>acompanha 2 p\u00e9s de 4x4cm<\/p>\n","protected":false},"featured_media":3600,"template":"","meta":[],"_links":{"self":[{"href":"https:\/\/aluguefesta.net.br\/index.php\/wp-json\/wp\/v2\/product\/3599"}],"collection":[{"href":"https:\/\/aluguefesta.net.br\/index.php\/wp-json\/wp\/v2\/product"}],"about":[{"href":"https:\/\/aluguefesta.net.br\/index.php\/wp-json\/wp\/v2\/types\/product"}],"wp:featuredmedia":[{"embeddable":true,"href":"https:\/\/aluguefesta.net.br\/index.php\/wp-json\/wp\/v2\/media\/3600"}],"wp:attachment":[{"href":"https:\/\/aluguefesta.net.br\/index.php\/wp-json\/wp\/v2\/media?parent=3599"}],"curies":[{"name":"wp","href":"https:\/\/api.w.org\/{rel}","templated":true}]}}