{"id":3604,"date":"2025-11-04T01:28:22","date_gmt":"2025-11-04T04:28:22","guid":{"rendered":"https:\/\/aluguefesta.net.br\/?post_type=product&#038;p=3604"},"modified":"2025-12-19T02:04:57","modified_gmt":"2025-12-19T05:04:57","slug":"decoracao-pegue-monte-kit-luxo-natalino-natal-alugar-rj","status":"publish","type":"product","link":"https:\/\/aluguefesta.net.br\/index.php\/produto\/decoracao-pegue-monte-kit-luxo-natalino-natal-alugar-rj\/","title":{"rendered":"Decora\u00e7\u00e3o de Festa Natal Pegue Monte Kit LUXO Natalino Completa 27 PE\u00c7AS"},"content":{"rendered":"<p>Kit completo Natal com Pe\u00e7as:<\/p>\n<p>1 Painel Sublimado Feliz Natal 1,50m<\/p>\n<p>1 Suporte de Ferro Redondo 1,50 x 2,10 altura<\/p>\n<p>1 Jogo de 4 mesas cubo<\/p>\n<p>1 Tapete em feltro verde grama<\/p>\n<p>1 bandeja P cer\u00e2mica gold 15cm<\/p>\n<p>1 bandeja M cer\u00e2mica gold 21cm<\/p>\n<p>1 Bandeja Barca cer\u00e2mica Branca 26 cm<\/p>\n<p>1 Bandeja Torcida quadrada\u00a0 cer\u00e2mica Branca 26 cm<\/p>\n<p>1 Vaso metal M<\/p>\n<p>1 Vaso metal P<\/p>\n<p>1 Boneco de neve metal<\/p>\n<p>1 papai noel metal<\/p>\n<p>1 enfeite gangorra de bonecos<\/p>\n<p>1 rena em pelucia<\/p>\n<p>1 boneco de neve pendente com placa<\/p>\n<p>1 ajudante do papai noel<\/p>\n<p>1 papai noel Hypado de \u00f3culos<\/p>\n<p>1\u00a0 papai noel deitado com placa<\/p>\n<p>1 boneco de neve grande com quadro negro<\/p>\n<p>1 Rena grande com quadro negro<\/p>\n<p>1 trio de bonecos de ch\u00e3o<\/p>\n<p>1 estrela em led Xmas de ch\u00e3o<\/p>\n<p>1 globo de neve<\/p>\n<p>1 mini saco de presente<\/p>\n","protected":false},"excerpt":{"rendered":"<p>Kit completo Natal com Pe\u00e7as: 1 Painel Sublimado Feliz Natal 1,50m 1 Suporte de Ferro Redondo 1,50 x 2,10 altura 1 Jogo de 4 mesas cubo 1 Tapete em feltro verde grama 1 bandeja P cer\u00e2mica gold 15cm 1 bandeja M cer\u00e2mica gold 21cm 1 Bandeja Barca cer\u00e2mica Branca 26 cm 1 Bandeja Torcida quadrada\u00a0 [&hellip;]<\/p>\n","protected":false},"featured_media":3605,"template":"","meta":[],"_links":{"self":[{"href":"https:\/\/aluguefesta.net.br\/index.php\/wp-json\/wp\/v2\/product\/3604"}],"collection":[{"href":"https:\/\/aluguefesta.net.br\/index.php\/wp-json\/wp\/v2\/product"}],"about":[{"href":"https:\/\/aluguefesta.net.br\/index.php\/wp-json\/wp\/v2\/types\/product"}],"wp:featuredmedia":[{"embeddable":true,"href":"https:\/\/aluguefesta.net.br\/index.php\/wp-json\/wp\/v2\/media\/3605"}],"wp:attachment":[{"href":"https:\/\/aluguefesta.net.br\/index.php\/wp-json\/wp\/v2\/media?parent=3604"}],"curies":[{"name":"wp","href":"https:\/\/api.w.org\/{rel}","templated":true}]}}