{"id":3630,"date":"2025-11-05T19:59:04","date_gmt":"2025-11-05T22:59:04","guid":{"rendered":"https:\/\/aluguefesta.net.br\/?post_type=product&#038;p=3630"},"modified":"2025-12-16T02:10:21","modified_gmt":"2025-12-16T05:10:21","slug":"suporte-de-banner-em-aluminio-220m-regulavel","status":"publish","type":"product","link":"https:\/\/aluguefesta.net.br\/index.php\/produto\/suporte-de-banner-em-aluminio-220m-regulavel\/","title":{"rendered":"Suporte de BANNER em Alum\u00ednio 2,20m regul\u00e1vel"},"content":{"rendered":"<p>altura M\u00e1xima de 2,20 metros.<\/p>\n<p>2 Est\u00e1gios ajust\u00e1vel<br \/>\nFabricado em alum\u00ednio e conex\u00f5es em Nylon de alta resist\u00eancia.<br \/>\nProduto de Excelente qualidade super leve e compacto<br \/>\nCapacidade para banners de at\u00e9 1,50<\/p>\n","protected":false},"excerpt":{"rendered":"<p>altura M\u00e1xima de 2,20 metros.<\/p>\n<p>2 Est\u00e1gios ajust\u00e1vel<br \/>\nFabricado em alum\u00ednio e conex\u00f5es em Nylon de alta resist\u00eancia.<br \/>\nProduto de Excelente qualidade super leve e compacto<br \/>\nCapacidade para banners de at\u00e9 1,50<\/p>\n","protected":false},"featured_media":3631,"template":"","meta":[],"_links":{"self":[{"href":"https:\/\/aluguefesta.net.br\/index.php\/wp-json\/wp\/v2\/product\/3630"}],"collection":[{"href":"https:\/\/aluguefesta.net.br\/index.php\/wp-json\/wp\/v2\/product"}],"about":[{"href":"https:\/\/aluguefesta.net.br\/index.php\/wp-json\/wp\/v2\/types\/product"}],"wp:featuredmedia":[{"embeddable":true,"href":"https:\/\/aluguefesta.net.br\/index.php\/wp-json\/wp\/v2\/media\/3631"}],"wp:attachment":[{"href":"https:\/\/aluguefesta.net.br\/index.php\/wp-json\/wp\/v2\/media?parent=3630"}],"curies":[{"name":"wp","href":"https:\/\/api.w.org\/{rel}","templated":true}]}}