{"id":364,"date":"2020-07-28T04:11:57","date_gmt":"2020-07-28T07:11:57","guid":{"rendered":"https:\/\/aluguefesta.net.br\/?post_type=product&#038;p=364"},"modified":"2024-12-18T00:54:12","modified_gmt":"2024-12-18T03:54:12","slug":"centro-de-mesa-porta-doces-charm-gg","status":"publish","type":"product","link":"https:\/\/aluguefesta.net.br\/index.php\/produto\/centro-de-mesa-porta-doces-charm-gg\/","title":{"rendered":"Centro de Mesa- Porta-Doces Charm &#8211; GG"},"content":{"rendered":"<p>Bel\u00edssima Pe\u00e7a Centro de mesa em Cristal com pedestal.<\/p>\n<p>Ideal para ser usada em decora\u00e7\u00e3o cl\u00e1ssica, como porta-doces.<\/p>\n<p>*Pe\u00e7a Exclusiva<\/p>\n","protected":false},"excerpt":{"rendered":"<p>Bel\u00edssima Pe\u00e7a Centro de mesa em Cristal com pedestal.<\/p>\n<p>Medidas : 30x17x18cm<\/p>\n","protected":false},"featured_media":366,"template":"","meta":[],"_links":{"self":[{"href":"https:\/\/aluguefesta.net.br\/index.php\/wp-json\/wp\/v2\/product\/364"}],"collection":[{"href":"https:\/\/aluguefesta.net.br\/index.php\/wp-json\/wp\/v2\/product"}],"about":[{"href":"https:\/\/aluguefesta.net.br\/index.php\/wp-json\/wp\/v2\/types\/product"}],"wp:featuredmedia":[{"embeddable":true,"href":"https:\/\/aluguefesta.net.br\/index.php\/wp-json\/wp\/v2\/media\/366"}],"wp:attachment":[{"href":"https:\/\/aluguefesta.net.br\/index.php\/wp-json\/wp\/v2\/media?parent=364"}],"curies":[{"name":"wp","href":"https:\/\/api.w.org\/{rel}","templated":true}]}}